{"id":809,"date":"2021-09-16T06:21:27","date_gmt":"2021-09-16T06:21:27","guid":{"rendered":"http:\/\/www.thm.ostrowiec.pl\/?page_id=809"},"modified":"2025-09-30T10:06:51","modified_gmt":"2025-09-30T10:06:51","slug":"dokumenty","status":"publish","type":"page","link":"https:\/\/www.thm.ostrowiec.pl\/?page_id=809","title":{"rendered":"Dokumenty"},"content":{"rendered":"\t\t<div data-elementor-type=\"wp-page\" data-elementor-id=\"809\" class=\"elementor elementor-809\" data-elementor-settings=\"[]\">\n\t\t\t\t\t\t\t<div class=\"elementor-section-wrap\">\n\t\t\t\t\t\t\t<section class=\"elementor-section elementor-top-section elementor-element elementor-element-77922ab3 elementor-section-height-min-height elementor-section-boxed elementor-section-height-default elementor-section-items-middle\" data-id=\"77922ab3\" data-element_type=\"section\" data-settings=\"{&quot;background_background&quot;:&quot;classic&quot;}\">\n\t\t\t\t\t\t\t<div class=\"elementor-background-overlay\"><\/div>\n\t\t\t\t\t\t\t<div class=\"elementor-container elementor-column-gap-default\">\n\t\t\t\t\t<div class=\"elementor-column elementor-col-100 elementor-top-column elementor-element elementor-element-4e49dc05\" data-id=\"4e49dc05\" data-element_type=\"column\">\n\t\t\t<div class=\"elementor-widget-wrap elementor-element-populated\">\n\t\t\t\t\t\t\t\t<div class=\"elementor-element elementor-element-7b3d7ce elementor-widget elementor-widget-heading\" data-id=\"7b3d7ce\" data-element_type=\"widget\" data-widget_type=\"heading.default\">\n\t\t\t\t<div class=\"elementor-widget-container\">\n\t\t\t<h2 class=\"elementor-heading-title elementor-size-default\">Dokumenty<\/h2>\t\t<\/div>\n\t\t\t\t<\/div>\n\t\t\t\t\t<\/div>\n\t\t<\/div>\n\t\t\t\t\t\t\t<\/div>\n\t\t<\/section>\n\t\t\t\t<section class=\"elementor-section elementor-top-section elementor-element elementor-element-2105b0d elementor-section-boxed elementor-section-height-default elementor-section-height-default\" data-id=\"2105b0d\" data-element_type=\"section\" data-settings=\"{&quot;background_background&quot;:&quot;classic&quot;}\">\n\t\t\t\t\t\t<div class=\"elementor-container elementor-column-gap-default\">\n\t\t\t\t\t<div class=\"elementor-column elementor-col-100 elementor-top-column elementor-element elementor-element-e9228b9\" data-id=\"e9228b9\" data-element_type=\"column\">\n\t\t\t<div class=\"elementor-widget-wrap elementor-element-populated\">\n\t\t\t\t\t\t\t\t<div class=\"elementor-element elementor-element-fd74395 elementor-widget-divider--view-line elementor-widget elementor-widget-divider\" data-id=\"fd74395\" data-element_type=\"widget\" data-widget_type=\"divider.default\">\n\t\t\t\t<div class=\"elementor-widget-container\">\n\t\t\t\t\t<div class=\"elementor-divider\">\n\t\t\t<span class=\"elementor-divider-separator\">\n\t\t\t\t\t\t<\/span>\n\t\t<\/div>\n\t\t\t\t<\/div>\n\t\t\t\t<\/div>\n\t\t\t\t\t<\/div>\n\t\t<\/div>\n\t\t\t\t\t\t\t<\/div>\n\t\t<\/section>\n\t\t\t\t<section class=\"elementor-section elementor-top-section elementor-element elementor-element-e64a992 elementor-section-boxed elementor-section-height-default elementor-section-height-default\" data-id=\"e64a992\" data-element_type=\"section\">\n\t\t\t\t\t\t<div class=\"elementor-container elementor-column-gap-default\">\n\t\t\t\t\t<div class=\"elementor-column elementor-col-100 elementor-top-column elementor-element elementor-element-32257a1\" data-id=\"32257a1\" data-element_type=\"column\">\n\t\t\t<div class=\"elementor-widget-wrap elementor-element-populated\">\n\t\t\t\t\t\t\t\t<div class=\"elementor-element elementor-element-15b7ece elementor-widget elementor-widget-heading\" data-id=\"15b7ece\" data-element_type=\"widget\" data-widget_type=\"heading.default\">\n\t\t\t\t<div class=\"elementor-widget-container\">\n\t\t\t<h3 class=\"elementor-heading-title elementor-size-default\">Dokumenty do pobrania:<\/h3>\t\t<\/div>\n\t\t\t\t<\/div>\n\t\t\t\t\t<\/div>\n\t\t<\/div>\n\t\t\t\t\t\t\t<\/div>\n\t\t<\/section>\n\t\t\t\t<section class=\"elementor-section elementor-top-section elementor-element elementor-element-735da0a elementor-section-boxed elementor-section-height-default elementor-section-height-default\" data-id=\"735da0a\" data-element_type=\"section\">\n\t\t\t\t\t\t<div class=\"elementor-container elementor-column-gap-default\">\n\t\t\t\t\t<div class=\"elementor-column elementor-col-100 elementor-top-column elementor-element elementor-element-e8c34e0\" data-id=\"e8c34e0\" data-element_type=\"column\">\n\t\t\t<div class=\"elementor-widget-wrap elementor-element-populated\">\n\t\t\t\t\t\t\t\t<div class=\"elementor-element elementor-element-536031b elementor-widget elementor-widget-text-editor\" data-id=\"536031b\" data-element_type=\"widget\" data-widget_type=\"text-editor.default\">\n\t\t\t\t<div class=\"elementor-widget-container\">\n\t\t\t\t\t\t\t<ul><li><a href=\"http:\/\/www.thm.ostrowiec.pl\/wp-content\/uploads\/2021\/09\/statut_technikum_nr_3_2019r.pdf\">Statut Zespo\u0142u Szk\u00f3\u0142 Nr 3 w Ostrowcu \u015awi\u0119tokrzyskim<\/a><\/li><li><a href=\"https:\/\/www.thm.ostrowiec.pl\/wp-content\/uploads\/2024\/02\/Regulamin-ZFSS-w-ZS3-1.pdf\">Regulamin ZF\u015aS obowi\u0105zuj\u0105cy w Zespole Szk\u00f3\u0142 nr 3 w Ostrowcu \u015awi\u0119tokrzyskim<\/a> (za\u0142\u0105czniki do regulaminu dost\u0119pne s\u0105 w sekcji <a href=\"https:\/\/www.thm.ostrowiec.pl\/?page_id=154\"><em>Szko\u0142a-&gt;ZF\u015aS<\/em><\/a>)<\/li><li><a href=\"https:\/\/www.thm.ostrowiec.pl\/wp-content\/uploads\/2024\/09\/Standardy-Ochrony-Maloletnich-styczen-2024.pdf\">Standardy Ochrony Ma\u0142oletnich w Zespole Szk\u00f3\u0142 Nr 3 w Ostrowcu \u015awi\u0119tokrzyskim<\/a> (wersja pe\u0142na)<\/li><li><a href=\"https:\/\/www.thm.ostrowiec.pl\/wp-content\/uploads\/2024\/08\/Standardy_Ochrony_Maloletnich_w_ZS_3_wersja_skrocona.pdf\">Standardy Ochrony Ma\u0142oletnich w Zespole Szk\u00f3\u0142 Nr 3 w Ostrowcu \u015awi\u0119tokrzyskim<\/a> (wersja skr\u00f3cona)<\/li><li><a href=\"https:\/\/www.thm.ostrowiec.pl\/wp-content\/uploads\/2024\/09\/Duplikat-legitymacji-szkolnej.pdf\">Wniosek o wydanie duplikatu legitymacji szkolnej<\/a><\/li><li><a href=\"https:\/\/www.thm.ostrowiec.pl\/wp-content\/uploads\/2024\/12\/Grafik-dyzurow-dyrekcji-ZS3.pdf\">Grafik dy\u017cur\u00f3w dyrekcji ZS3<\/a><\/li><li><a href=\"https:\/\/www.thm.ostrowiec.pl\/wp-content\/uploads\/2025\/09\/programwychowawczoprofilaktycz.pdf\">Program wychowawczo-profilaktyczny<\/a><\/li><li><a href=\"https:\/\/www.thm.ostrowiec.pl\/wp-content\/uploads\/2025\/09\/programdoradztwa25na26.pdf\">Program doradztwa zawodowego<\/a><\/li><\/ul>\t\t\t\t\t\t<\/div>\n\t\t\t\t<\/div>\n\t\t\t\t\t<\/div>\n\t\t<\/div>\n\t\t\t\t\t\t\t<\/div>\n\t\t<\/section>\n\t\t\t\t\t\t<\/div>\n\t\t\t\t\t<\/div>\n\t\t","protected":false},"excerpt":{"rendered":"<p>Dokumenty Dokumenty do pobrania: Statut Zespo\u0142u Szk\u00f3\u0142 Nr 3 w Ostrowcu \u015awi\u0119tokrzyskim Regulamin ZF\u015aS obowi\u0105zuj\u0105cy w Zespole Szk\u00f3\u0142 nr 3 w Ostrowcu \u015awi\u0119tokrzyskim (za\u0142\u0105czniki do regulaminu dost\u0119pne s\u0105 w sekcji Szko\u0142a-&gt;ZF\u015aS) Standardy Ochrony Ma\u0142oletnich w Zespole Szk\u00f3\u0142 Nr 3 w Ostrowcu \u015awi\u0119tokrzyskim (wersja pe\u0142na) Standardy Ochrony Ma\u0142oletnich w Zespole Szk\u00f3\u0142 Nr 3 w Ostrowcu \u015awi\u0119tokrzyskim &hellip;<\/p>\n<p class=\"read-more\"> <a class=\"\" href=\"https:\/\/www.thm.ostrowiec.pl\/?page_id=809\"> <span class=\"screen-reader-text\">Dokumenty<\/span> Read More &raquo;<\/a><\/p>\n","protected":false},"author":1,"featured_media":0,"parent":0,"menu_order":0,"comment_status":"closed","ping_status":"closed","template":"","meta":{"ngg_post_thumbnail":0,"footnotes":""},"_links":{"self":[{"href":"https:\/\/www.thm.ostrowiec.pl\/index.php?rest_route=\/wp\/v2\/pages\/809"}],"collection":[{"href":"https:\/\/www.thm.ostrowiec.pl\/index.php?rest_route=\/wp\/v2\/pages"}],"about":[{"href":"https:\/\/www.thm.ostrowiec.pl\/index.php?rest_route=\/wp\/v2\/types\/page"}],"author":[{"embeddable":true,"href":"https:\/\/www.thm.ostrowiec.pl\/index.php?rest_route=\/wp\/v2\/users\/1"}],"replies":[{"embeddable":true,"href":"https:\/\/www.thm.ostrowiec.pl\/index.php?rest_route=%2Fwp%2Fv2%2Fcomments&post=809"}],"version-history":[{"count":42,"href":"https:\/\/www.thm.ostrowiec.pl\/index.php?rest_route=\/wp\/v2\/pages\/809\/revisions"}],"predecessor-version":[{"id":5806,"href":"https:\/\/www.thm.ostrowiec.pl\/index.php?rest_route=\/wp\/v2\/pages\/809\/revisions\/5806"}],"wp:attachment":[{"href":"https:\/\/www.thm.ostrowiec.pl\/index.php?rest_route=%2Fwp%2Fv2%2Fmedia&parent=809"}],"curies":[{"name":"wp","href":"https:\/\/api.w.org\/{rel}","templated":true}]}}