{"id":791,"date":"2021-09-16T06:18:40","date_gmt":"2021-09-16T06:18:40","guid":{"rendered":"http:\/\/www.thm.ostrowiec.pl\/?page_id=791"},"modified":"2023-05-22T10:15:41","modified_gmt":"2023-05-22T10:15:41","slug":"o-szkole","status":"publish","type":"page","link":"https:\/\/www.thm.ostrowiec.pl\/?page_id=791","title":{"rendered":"O szkole"},"content":{"rendered":"\t\t<div data-elementor-type=\"wp-page\" data-elementor-id=\"791\" class=\"elementor elementor-791\" data-elementor-settings=\"[]\">\n\t\t\t\t\t\t\t<div class=\"elementor-section-wrap\">\n\t\t\t\t\t\t\t<section class=\"elementor-section elementor-top-section elementor-element elementor-element-109ee113 elementor-section-height-min-height elementor-section-boxed elementor-section-height-default elementor-section-items-middle\" data-id=\"109ee113\" data-element_type=\"section\" data-settings=\"{&quot;background_background&quot;:&quot;classic&quot;}\">\n\t\t\t\t\t\t\t<div class=\"elementor-background-overlay\"><\/div>\n\t\t\t\t\t\t\t<div class=\"elementor-container elementor-column-gap-default\">\n\t\t\t\t\t<div class=\"elementor-column elementor-col-100 elementor-top-column elementor-element elementor-element-58356adb\" data-id=\"58356adb\" data-element_type=\"column\">\n\t\t\t<div class=\"elementor-widget-wrap elementor-element-populated\">\n\t\t\t\t\t\t\t\t<div class=\"elementor-element elementor-element-46d2db92 elementor-widget elementor-widget-heading\" data-id=\"46d2db92\" data-element_type=\"widget\" data-widget_type=\"heading.default\">\n\t\t\t\t<div class=\"elementor-widget-container\">\n\t\t\t<h2 class=\"elementor-heading-title elementor-size-default\">O szkole<\/h2>\t\t<\/div>\n\t\t\t\t<\/div>\n\t\t\t\t\t<\/div>\n\t\t<\/div>\n\t\t\t\t\t\t\t<\/div>\n\t\t<\/section>\n\t\t\t\t<section class=\"elementor-section elementor-top-section elementor-element elementor-element-4140133 elementor-section-boxed elementor-section-height-default elementor-section-height-default\" data-id=\"4140133\" data-element_type=\"section\">\n\t\t\t\t\t\t<div class=\"elementor-container elementor-column-gap-default\">\n\t\t\t\t\t<div class=\"elementor-column elementor-col-50 elementor-top-column elementor-element elementor-element-c1da49d\" data-id=\"c1da49d\" data-element_type=\"column\">\n\t\t\t<div class=\"elementor-widget-wrap elementor-element-populated\">\n\t\t\t\t\t\t\t\t<div class=\"elementor-element elementor-element-aeb795a elementor-hidden-mobile elementor-widget elementor-widget-image\" data-id=\"aeb795a\" data-element_type=\"widget\" data-widget_type=\"image.default\">\n\t\t\t\t<div class=\"elementor-widget-container\">\n\t\t\t\t\t\t\t\t\t\t\t\t\t\t\t<img loading=\"lazy\" decoding=\"async\" width=\"411\" height=\"275\" src=\"https:\/\/www.thm.ostrowiec.pl\/wp-content\/uploads\/2021\/09\/unnamed.jpg\" class=\"attachment-large size-large\" alt=\"\" srcset=\"https:\/\/www.thm.ostrowiec.pl\/wp-content\/uploads\/2021\/09\/unnamed.jpg 411w, https:\/\/www.thm.ostrowiec.pl\/wp-content\/uploads\/2021\/09\/unnamed-300x201.jpg 300w\" sizes=\"(max-width: 411px) 100vw, 411px\" \/>\t\t\t\t\t\t\t\t\t\t\t\t\t\t\t<\/div>\n\t\t\t\t<\/div>\n\t\t\t\t\t<\/div>\n\t\t<\/div>\n\t\t\t\t<div class=\"elementor-column elementor-col-50 elementor-top-column elementor-element elementor-element-b86bc67\" data-id=\"b86bc67\" data-element_type=\"column\">\n\t\t\t<div class=\"elementor-widget-wrap elementor-element-populated\">\n\t\t\t\t\t\t\t\t<div class=\"elementor-element elementor-element-ea36fe6 elementor-widget elementor-widget-spacer\" data-id=\"ea36fe6\" data-element_type=\"widget\" data-widget_type=\"spacer.default\">\n\t\t\t\t<div class=\"elementor-widget-container\">\n\t\t\t\t\t<div class=\"elementor-spacer\">\n\t\t\t<div class=\"elementor-spacer-inner\"><\/div>\n\t\t<\/div>\n\t\t\t\t<\/div>\n\t\t\t\t<\/div>\n\t\t\t\t<section class=\"elementor-section elementor-inner-section elementor-element elementor-element-f5d73e3 elementor-section-boxed elementor-section-height-default elementor-section-height-default\" data-id=\"f5d73e3\" data-element_type=\"section\">\n\t\t\t\t\t\t<div class=\"elementor-container elementor-column-gap-default\">\n\t\t\t\t\t<div class=\"elementor-column elementor-col-100 elementor-inner-column elementor-element elementor-element-c46e9ce\" data-id=\"c46e9ce\" data-element_type=\"column\">\n\t\t\t<div class=\"elementor-widget-wrap elementor-element-populated\">\n\t\t\t\t\t\t\t\t<div class=\"elementor-element elementor-element-ef6f340 elementor-widget-divider--view-line elementor-widget elementor-widget-divider\" data-id=\"ef6f340\" data-element_type=\"widget\" data-widget_type=\"divider.default\">\n\t\t\t\t<div class=\"elementor-widget-container\">\n\t\t\t\t\t<div class=\"elementor-divider\">\n\t\t\t<span class=\"elementor-divider-separator\">\n\t\t\t\t\t\t<\/span>\n\t\t<\/div>\n\t\t\t\t<\/div>\n\t\t\t\t<\/div>\n\t\t\t\t<div class=\"elementor-element elementor-element-43f276a elementor-widget elementor-widget-text-editor\" data-id=\"43f276a\" data-element_type=\"widget\" data-widget_type=\"text-editor.default\">\n\t\t\t\t<div class=\"elementor-widget-container\">\n\t\t\t\t\t\t\t<h4 style=\"text-align: center;\"><span style=\"color: #54595f;\">Kim jeste\u015bmy<\/span><\/h4><p style=\"text-align: center;\"><span style=\"color: #54595f;\"> Technikum Nr 3 (dawne Technikum Hutniczo &#8211; Mechaniczne) to szko\u0142a <br \/>o d\u0142ugiej i chlubnej tradycji. U nas przygotujesz si\u0119 do studi\u00f3w wy\u017cszych zgodnie z wybran\u0105 specjalno\u015bci\u0105 oraz zdob\u0119dziesz solidn\u0105 wiedz\u0119 i zaw\u00f3d poszukiwany w Polsce i innych krajach Unii Europejskiej. Ponadto uzyskasz dyplom potwierdzaj\u0105cy kwalifikacje zawodowe, tytu\u0142 technika wybranej specjalno\u015bci, <br \/>a tak\u017ce \u015bwiadectwo dojrza\u0142o\u015bci. Uczniowie klas IV naszego technikum wyje\u017cd\u017caj\u0105 na praktyki zagraniczne, kt\u00f3rych koszty pokrywa unijne programy Leonardo da Baby oraz Erasmus+<\/span><\/p>\t\t\t\t\t\t<\/div>\n\t\t\t\t<\/div>\n\t\t\t\t\t<\/div>\n\t\t<\/div>\n\t\t\t\t\t\t\t<\/div>\n\t\t<\/section>\n\t\t\t\t\t<\/div>\n\t\t<\/div>\n\t\t\t\t\t\t\t<\/div>\n\t\t<\/section>\n\t\t\t\t<section class=\"elementor-section elementor-top-section elementor-element elementor-element-825f26c elementor-section-boxed elementor-section-height-default elementor-section-height-default\" data-id=\"825f26c\" data-element_type=\"section\">\n\t\t\t\t\t\t<div class=\"elementor-container elementor-column-gap-default\">\n\t\t\t\t\t<div class=\"elementor-column elementor-col-50 elementor-top-column elementor-element elementor-element-a5bc0dc\" data-id=\"a5bc0dc\" data-element_type=\"column\">\n\t\t\t<div class=\"elementor-widget-wrap elementor-element-populated\">\n\t\t\t\t\t\t\t\t<div class=\"elementor-element elementor-element-cc52495 elementor-widget elementor-widget-spacer\" data-id=\"cc52495\" data-element_type=\"widget\" data-widget_type=\"spacer.default\">\n\t\t\t\t<div class=\"elementor-widget-container\">\n\t\t\t\t\t<div class=\"elementor-spacer\">\n\t\t\t<div class=\"elementor-spacer-inner\"><\/div>\n\t\t<\/div>\n\t\t\t\t<\/div>\n\t\t\t\t<\/div>\n\t\t\t\t<section class=\"elementor-section elementor-inner-section elementor-element elementor-element-be52d3e elementor-section-boxed elementor-section-height-default elementor-section-height-default\" data-id=\"be52d3e\" data-element_type=\"section\">\n\t\t\t\t\t\t<div class=\"elementor-container elementor-column-gap-default\">\n\t\t\t\t\t<div class=\"elementor-column elementor-col-100 elementor-inner-column elementor-element elementor-element-90044f1\" data-id=\"90044f1\" data-element_type=\"column\">\n\t\t\t<div class=\"elementor-widget-wrap elementor-element-populated\">\n\t\t\t\t\t\t\t\t<div class=\"elementor-element elementor-element-247feaf elementor-widget-divider--view-line elementor-widget elementor-widget-divider\" data-id=\"247feaf\" data-element_type=\"widget\" data-widget_type=\"divider.default\">\n\t\t\t\t<div class=\"elementor-widget-container\">\n\t\t\t\t\t<div class=\"elementor-divider\">\n\t\t\t<span class=\"elementor-divider-separator\">\n\t\t\t\t\t\t<\/span>\n\t\t<\/div>\n\t\t\t\t<\/div>\n\t\t\t\t<\/div>\n\t\t\t\t<div class=\"elementor-element elementor-element-da3e2a7 elementor-widget elementor-widget-text-editor\" data-id=\"da3e2a7\" data-element_type=\"widget\" data-widget_type=\"text-editor.default\">\n\t\t\t\t<div class=\"elementor-widget-container\">\n\t\t\t\t\t\t\t<h4 style=\"text-align: center;\"><span style=\"color: #54595f;\">Mo\u017cliwo\u015bci<\/span><\/h4><p style=\"text-align: center;\"><span style=\"color: #54595f;\">Technikum Nr 3 jest szko\u0142\u0105, w kt\u00f3rej mog\u0105 kontynuowa\u0107 nauk\u0119 absolwenci szk\u00f3\u0142 podstawowych o r\u00f3\u017cnorodnych zainteresowaniach &#8211; technicznych, informatycznych, ekonomicznych i innych. Od pewnego czasu w szkole zaznacza si\u0119 dominacja informatyczno-logistycznych kierunk\u00f3w kszta\u0142cenia. Opr\u00f3cz zdania egzaminu dojrza\u0142o\u015bci, b\u0119d\u0105cego przepustk\u0105 na studia, szko\u0142a umo\u017cliwia m\u0142odzie\u017cy zdobycie atrakcyjnego zawodu oraz dyplomu technika okre\u015blonej specjalno\u015bci.<\/span><\/p>\t\t\t\t\t\t<\/div>\n\t\t\t\t<\/div>\n\t\t\t\t<div class=\"elementor-element elementor-element-eb93d5e elementor-widget elementor-widget-spacer\" data-id=\"eb93d5e\" data-element_type=\"widget\" data-widget_type=\"spacer.default\">\n\t\t\t\t<div class=\"elementor-widget-container\">\n\t\t\t\t\t<div class=\"elementor-spacer\">\n\t\t\t<div class=\"elementor-spacer-inner\"><\/div>\n\t\t<\/div>\n\t\t\t\t<\/div>\n\t\t\t\t<\/div>\n\t\t\t\t\t<\/div>\n\t\t<\/div>\n\t\t\t\t\t\t\t<\/div>\n\t\t<\/section>\n\t\t\t\t\t<\/div>\n\t\t<\/div>\n\t\t\t\t<div class=\"elementor-column elementor-col-50 elementor-top-column elementor-element elementor-element-4e1bd4d\" data-id=\"4e1bd4d\" data-element_type=\"column\">\n\t\t\t<div class=\"elementor-widget-wrap elementor-element-populated\">\n\t\t\t\t\t\t\t\t<div class=\"elementor-element elementor-element-a830bc8 elementor-widget elementor-widget-image\" data-id=\"a830bc8\" data-element_type=\"widget\" data-widget_type=\"image.default\">\n\t\t\t\t<div class=\"elementor-widget-container\">\n\t\t\t\t\t\t\t\t\t\t\t\t\t\t\t<img loading=\"lazy\" decoding=\"async\" width=\"500\" height=\"331\" src=\"https:\/\/www.thm.ostrowiec.pl\/wp-content\/uploads\/2021\/09\/403-2017.jpg\" class=\"attachment-full size-full\" alt=\"\" srcset=\"https:\/\/www.thm.ostrowiec.pl\/wp-content\/uploads\/2021\/09\/403-2017.jpg 500w, https:\/\/www.thm.ostrowiec.pl\/wp-content\/uploads\/2021\/09\/403-2017-300x199.jpg 300w\" sizes=\"(max-width: 500px) 100vw, 500px\" \/>\t\t\t\t\t\t\t\t\t\t\t\t\t\t\t<\/div>\n\t\t\t\t<\/div>\n\t\t\t\t\t<\/div>\n\t\t<\/div>\n\t\t\t\t\t\t\t<\/div>\n\t\t<\/section>\n\t\t\t\t<section class=\"elementor-section elementor-top-section elementor-element elementor-element-491ddce elementor-section-boxed elementor-section-height-default elementor-section-height-default\" data-id=\"491ddce\" data-element_type=\"section\">\n\t\t\t\t\t\t<div class=\"elementor-container elementor-column-gap-default\">\n\t\t\t\t\t<div class=\"elementor-column elementor-col-50 elementor-top-column elementor-element elementor-element-e02b323\" data-id=\"e02b323\" data-element_type=\"column\">\n\t\t\t<div class=\"elementor-widget-wrap elementor-element-populated\">\n\t\t\t\t\t\t\t\t<div class=\"elementor-element elementor-element-8f805bc elementor-widget elementor-widget-image\" data-id=\"8f805bc\" data-element_type=\"widget\" data-widget_type=\"image.default\">\n\t\t\t\t<div class=\"elementor-widget-container\">\n\t\t\t\t\t\t\t\t\t\t\t\t\t\t\t<img loading=\"lazy\" decoding=\"async\" width=\"500\" height=\"377\" src=\"https:\/\/www.thm.ostrowiec.pl\/wp-content\/uploads\/2021\/09\/uczniowie1b-3.jpg\" class=\"attachment-large size-large\" alt=\"\" srcset=\"https:\/\/www.thm.ostrowiec.pl\/wp-content\/uploads\/2021\/09\/uczniowie1b-3.jpg 500w, https:\/\/www.thm.ostrowiec.pl\/wp-content\/uploads\/2021\/09\/uczniowie1b-3-300x226.jpg 300w\" sizes=\"(max-width: 500px) 100vw, 500px\" \/>\t\t\t\t\t\t\t\t\t\t\t\t\t\t\t<\/div>\n\t\t\t\t<\/div>\n\t\t\t\t\t<\/div>\n\t\t<\/div>\n\t\t\t\t<div class=\"elementor-column elementor-col-50 elementor-top-column elementor-element elementor-element-6084839\" data-id=\"6084839\" data-element_type=\"column\">\n\t\t\t<div class=\"elementor-widget-wrap elementor-element-populated\">\n\t\t\t\t\t\t\t\t<div class=\"elementor-element elementor-element-b0dfd80 elementor-widget elementor-widget-spacer\" data-id=\"b0dfd80\" data-element_type=\"widget\" data-widget_type=\"spacer.default\">\n\t\t\t\t<div class=\"elementor-widget-container\">\n\t\t\t\t\t<div class=\"elementor-spacer\">\n\t\t\t<div class=\"elementor-spacer-inner\"><\/div>\n\t\t<\/div>\n\t\t\t\t<\/div>\n\t\t\t\t<\/div>\n\t\t\t\t<section class=\"elementor-section elementor-inner-section elementor-element elementor-element-60cd878 elementor-section-boxed elementor-section-height-default elementor-section-height-default\" data-id=\"60cd878\" data-element_type=\"section\">\n\t\t\t\t\t\t<div class=\"elementor-container elementor-column-gap-default\">\n\t\t\t\t\t<div class=\"elementor-column elementor-col-100 elementor-inner-column elementor-element elementor-element-24180f0\" data-id=\"24180f0\" data-element_type=\"column\">\n\t\t\t<div class=\"elementor-widget-wrap elementor-element-populated\">\n\t\t\t\t\t\t\t\t<div class=\"elementor-element elementor-element-d57e9d2 elementor-widget-divider--view-line elementor-widget elementor-widget-divider\" data-id=\"d57e9d2\" data-element_type=\"widget\" data-widget_type=\"divider.default\">\n\t\t\t\t<div class=\"elementor-widget-container\">\n\t\t\t\t\t<div class=\"elementor-divider\">\n\t\t\t<span class=\"elementor-divider-separator\">\n\t\t\t\t\t\t<\/span>\n\t\t<\/div>\n\t\t\t\t<\/div>\n\t\t\t\t<\/div>\n\t\t\t\t<div class=\"elementor-element elementor-element-305ca98 elementor-widget elementor-widget-text-editor\" data-id=\"305ca98\" data-element_type=\"widget\" data-widget_type=\"text-editor.default\">\n\t\t\t\t<div class=\"elementor-widget-container\">\n\t\t\t\t\t\t\t<h4 style=\"text-align: center;\"><span style=\"color: #54595f;\">Atuty szko\u0142y<\/span><\/h4><ul><li style=\"list-style-type: none;\"><ul><li style=\"list-style-type: none;\"><ul><li style=\"text-align: left;\"><span style=\"color: #54595f;\">zdobywasz konkretny zaw\u00f3d i umiej\u0119tno\u015bci praktyczne, a nie wy\u0142\u0105cznie wiedz\u0119 ksi\u0105\u017ckow\u0105<\/span><\/li><li><span style=\"color: #54595f;\">mo\u017cliwo\u015b\u0107 zdobycia wielu dodatkowych certyfikat\u00f3w (w tym Europass Mobility &#8211; mi\u0119dzynarodowego certyfikatu umo\u017cliwiaj\u0105cego podj\u0119cie pracy w ca\u0142ej Unii Europejskiej)<\/span><\/li><li><span style=\"color: #54595f;\">mo\u017cliwo\u015b\u0107 nauki w sferze praktycznej z u\u017cyciem wyposa\u017cenia takiego jak: pracownie specjalistyczne, tablice interaktywne, rzutniki multimedialne i laptopy, serwery LAN, wi-fi w ca\u0142ej szkole, komputer z dost\u0119pem do internetu w ka\u017cdej sali<\/span><\/li><li><span style=\"color: #54595f;\">patronat naukowy <strong>Polskiego Towarzystwa Informatycznego<\/strong> nad klasami informatycznymi<\/span><\/li><\/ul><\/li><\/ul><\/li><\/ul>\t\t\t\t\t\t<\/div>\n\t\t\t\t<\/div>\n\t\t\t\t<div class=\"elementor-element elementor-element-906c28e elementor-widget elementor-widget-spacer\" data-id=\"906c28e\" data-element_type=\"widget\" data-widget_type=\"spacer.default\">\n\t\t\t\t<div class=\"elementor-widget-container\">\n\t\t\t\t\t<div class=\"elementor-spacer\">\n\t\t\t<div class=\"elementor-spacer-inner\"><\/div>\n\t\t<\/div>\n\t\t\t\t<\/div>\n\t\t\t\t<\/div>\n\t\t\t\t\t<\/div>\n\t\t<\/div>\n\t\t\t\t\t\t\t<\/div>\n\t\t<\/section>\n\t\t\t\t\t<\/div>\n\t\t<\/div>\n\t\t\t\t\t\t\t<\/div>\n\t\t<\/section>\n\t\t\t\t<section class=\"elementor-section elementor-top-section elementor-element elementor-element-e2713a1 elementor-section-boxed elementor-section-height-default elementor-section-height-default\" data-id=\"e2713a1\" data-element_type=\"section\">\n\t\t\t\t\t\t<div class=\"elementor-container elementor-column-gap-default\">\n\t\t\t\t\t<div class=\"elementor-column elementor-col-50 elementor-top-column elementor-element elementor-element-8bb3989\" data-id=\"8bb3989\" data-element_type=\"column\">\n\t\t\t<div class=\"elementor-widget-wrap\">\n\t\t\t\t\t\t\t\t\t<\/div>\n\t\t<\/div>\n\t\t\t\t<div class=\"elementor-column elementor-col-50 elementor-top-column elementor-element elementor-element-94f78ff\" data-id=\"94f78ff\" data-element_type=\"column\">\n\t\t\t<div class=\"elementor-widget-wrap\">\n\t\t\t\t\t\t\t\t\t<\/div>\n\t\t<\/div>\n\t\t\t\t\t\t\t<\/div>\n\t\t<\/section>\n\t\t\t\t\t\t<\/div>\n\t\t\t\t\t<\/div>\n\t\t","protected":false},"excerpt":{"rendered":"<p>O szkole Kim jeste\u015bmy Technikum Nr 3 (dawne Technikum Hutniczo &#8211; Mechaniczne) to szko\u0142a o d\u0142ugiej i chlubnej tradycji. U nas przygotujesz si\u0119 do studi\u00f3w wy\u017cszych zgodnie z wybran\u0105 specjalno\u015bci\u0105 oraz zdob\u0119dziesz solidn\u0105 wiedz\u0119 i zaw\u00f3d poszukiwany w Polsce i innych krajach Unii Europejskiej. Ponadto uzyskasz dyplom potwierdzaj\u0105cy kwalifikacje zawodowe, tytu\u0142 technika wybranej specjalno\u015bci, a &hellip;<\/p>\n<p class=\"read-more\"> <a class=\"\" href=\"https:\/\/www.thm.ostrowiec.pl\/?page_id=791\"> <span class=\"screen-reader-text\">O szkole<\/span> Read More &raquo;<\/a><\/p>\n","protected":false},"author":1,"featured_media":0,"parent":0,"menu_order":0,"comment_status":"closed","ping_status":"closed","template":"","meta":{"ngg_post_thumbnail":0,"footnotes":""},"_links":{"self":[{"href":"https:\/\/www.thm.ostrowiec.pl\/index.php?rest_route=\/wp\/v2\/pages\/791"}],"collection":[{"href":"https:\/\/www.thm.ostrowiec.pl\/index.php?rest_route=\/wp\/v2\/pages"}],"about":[{"href":"https:\/\/www.thm.ostrowiec.pl\/index.php?rest_route=\/wp\/v2\/types\/page"}],"author":[{"embeddable":true,"href":"https:\/\/www.thm.ostrowiec.pl\/index.php?rest_route=\/wp\/v2\/users\/1"}],"replies":[{"embeddable":true,"href":"https:\/\/www.thm.ostrowiec.pl\/index.php?rest_route=%2Fwp%2Fv2%2Fcomments&post=791"}],"version-history":[{"count":6,"href":"https:\/\/www.thm.ostrowiec.pl\/index.php?rest_route=\/wp\/v2\/pages\/791\/revisions"}],"predecessor-version":[{"id":3941,"href":"https:\/\/www.thm.ostrowiec.pl\/index.php?rest_route=\/wp\/v2\/pages\/791\/revisions\/3941"}],"wp:attachment":[{"href":"https:\/\/www.thm.ostrowiec.pl\/index.php?rest_route=%2Fwp%2Fv2%2Fmedia&parent=791"}],"curies":[{"name":"wp","href":"https:\/\/api.w.org\/{rel}","templated":true}]}}