{"id":766,"date":"2021-09-16T06:13:31","date_gmt":"2021-09-16T06:13:31","guid":{"rendered":"http:\/\/www.thm.ostrowiec.pl\/?page_id=766"},"modified":"2026-04-09T14:37:30","modified_gmt":"2026-04-09T14:37:30","slug":"elementor-766","status":"publish","type":"page","link":"https:\/\/www.thm.ostrowiec.pl\/?page_id=766","title":{"rendered":"Egzaminy"},"content":{"rendered":"\t\t<div data-elementor-type=\"wp-page\" data-elementor-id=\"766\" class=\"elementor elementor-766\" data-elementor-settings=\"[]\">\n\t\t\t\t\t\t\t<div class=\"elementor-section-wrap\">\n\t\t\t\t\t\t\t<section class=\"elementor-section elementor-top-section elementor-element elementor-element-318f1659 elementor-section-height-min-height elementor-section-boxed elementor-section-height-default elementor-section-items-middle\" data-id=\"318f1659\" data-element_type=\"section\" data-settings=\"{&quot;background_background&quot;:&quot;classic&quot;}\">\n\t\t\t\t\t\t\t<div class=\"elementor-background-overlay\"><\/div>\n\t\t\t\t\t\t\t<div class=\"elementor-container elementor-column-gap-default\">\n\t\t\t\t\t<div class=\"elementor-column elementor-col-100 elementor-top-column elementor-element elementor-element-5276ae35\" data-id=\"5276ae35\" data-element_type=\"column\">\n\t\t\t<div class=\"elementor-widget-wrap elementor-element-populated\">\n\t\t\t\t\t\t\t\t<div class=\"elementor-element elementor-element-16bdbcd3 elementor-widget elementor-widget-heading\" data-id=\"16bdbcd3\" data-element_type=\"widget\" data-widget_type=\"heading.default\">\n\t\t\t\t<div class=\"elementor-widget-container\">\n\t\t\t<h2 class=\"elementor-heading-title elementor-size-default\">Egzaminy<\/h2>\t\t<\/div>\n\t\t\t\t<\/div>\n\t\t\t\t\t<\/div>\n\t\t<\/div>\n\t\t\t\t\t\t\t<\/div>\n\t\t<\/section>\n\t\t\t\t<section class=\"elementor-section elementor-top-section elementor-element elementor-element-5ca4232 elementor-section-full_width elementor-section-height-default elementor-section-height-default\" data-id=\"5ca4232\" data-element_type=\"section\" id=\"zawodowe\">\n\t\t\t\t\t\t<div class=\"elementor-container elementor-column-gap-default\">\n\t\t\t\t\t<div class=\"elementor-column elementor-col-100 elementor-top-column elementor-element elementor-element-cd70269\" data-id=\"cd70269\" data-element_type=\"column\">\n\t\t\t<div class=\"elementor-widget-wrap elementor-element-populated\">\n\t\t\t\t\t\t\t\t<div class=\"elementor-element elementor-element-5682e2f elementor-widget elementor-widget-spacer\" data-id=\"5682e2f\" data-element_type=\"widget\" data-widget_type=\"spacer.default\">\n\t\t\t\t<div class=\"elementor-widget-container\">\n\t\t\t\t\t<div class=\"elementor-spacer\">\n\t\t\t<div class=\"elementor-spacer-inner\"><\/div>\n\t\t<\/div>\n\t\t\t\t<\/div>\n\t\t\t\t<\/div>\n\t\t\t\t<div class=\"elementor-element elementor-element-d7744df elementor-widget elementor-widget-heading\" data-id=\"d7744df\" data-element_type=\"widget\" data-widget_type=\"heading.default\">\n\t\t\t\t<div class=\"elementor-widget-container\">\n\t\t\t<h2 class=\"elementor-heading-title elementor-size-default\">Egzaminy zawodowe 2026<\/h2>\t\t<\/div>\n\t\t\t\t<\/div>\n\t\t\t\t\t<\/div>\n\t\t<\/div>\n\t\t\t\t\t\t\t<\/div>\n\t\t<\/section>\n\t\t\t\t<section class=\"elementor-section elementor-top-section elementor-element elementor-element-2b2f3e8 elementor-section-boxed elementor-section-height-default elementor-section-height-default\" data-id=\"2b2f3e8\" data-element_type=\"section\">\n\t\t\t\t\t\t<div class=\"elementor-container elementor-column-gap-default\">\n\t\t\t\t\t<div class=\"elementor-column elementor-col-100 elementor-top-column elementor-element elementor-element-28f1483\" data-id=\"28f1483\" data-element_type=\"column\">\n\t\t\t<div class=\"elementor-widget-wrap elementor-element-populated\">\n\t\t\t\t\t\t\t\t<div class=\"elementor-element elementor-element-399689a elementor-widget-divider--view-line elementor-widget elementor-widget-divider\" data-id=\"399689a\" data-element_type=\"widget\" data-widget_type=\"divider.default\">\n\t\t\t\t<div class=\"elementor-widget-container\">\n\t\t\t\t\t<div class=\"elementor-divider\">\n\t\t\t<span class=\"elementor-divider-separator\">\n\t\t\t\t\t\t<\/span>\n\t\t<\/div>\n\t\t\t\t<\/div>\n\t\t\t\t<\/div>\n\t\t\t\t\t<\/div>\n\t\t<\/div>\n\t\t\t\t\t\t\t<\/div>\n\t\t<\/section>\n\t\t\t\t<section class=\"elementor-section elementor-top-section elementor-element elementor-element-062ec80 elementor-section-boxed elementor-section-height-default elementor-section-height-default\" data-id=\"062ec80\" data-element_type=\"section\">\n\t\t\t\t\t\t<div class=\"elementor-container elementor-column-gap-default\">\n\t\t\t\t\t<div class=\"elementor-column elementor-col-100 elementor-top-column elementor-element elementor-element-d6bbc62\" data-id=\"d6bbc62\" data-element_type=\"column\">\n\t\t\t<div class=\"elementor-widget-wrap elementor-element-populated\">\n\t\t\t\t\t\t\t\t<div class=\"elementor-element elementor-element-cfa25ab elementor-widget elementor-widget-heading\" data-id=\"cfa25ab\" data-element_type=\"widget\" data-widget_type=\"heading.default\">\n\t\t\t\t<div class=\"elementor-widget-container\">\n\t\t\t<h3 class=\"elementor-heading-title elementor-size-default\"><span class=\"elementor-heading-title elementor-size-default\" style=\"border: 0px; font-size: 2.5rem; outline: 0px; vertical-align: baseline; clear: both; line-height: 1.2; white-space: normal;\">Sk\u0142adanie deklaracji na egzamin zawodowy<br>w sesji lato 2026<\/span><\/h3>\t\t<\/div>\n\t\t\t\t<\/div>\n\t\t\t\t\t<\/div>\n\t\t<\/div>\n\t\t\t\t\t\t\t<\/div>\n\t\t<\/section>\n\t\t\t\t<section class=\"elementor-section elementor-top-section elementor-element elementor-element-655faf0 elementor-section-boxed elementor-section-height-default elementor-section-height-default\" data-id=\"655faf0\" data-element_type=\"section\">\n\t\t\t\t\t\t<div class=\"elementor-container elementor-column-gap-default\">\n\t\t\t\t\t<div class=\"elementor-column elementor-col-100 elementor-top-column elementor-element elementor-element-9c58961\" data-id=\"9c58961\" data-element_type=\"column\">\n\t\t\t<div class=\"elementor-widget-wrap elementor-element-populated\">\n\t\t\t\t\t\t\t\t<div class=\"elementor-element elementor-element-aa5c8d7 elementor-widget elementor-widget-text-editor\" data-id=\"aa5c8d7\" data-element_type=\"widget\" data-widget_type=\"text-editor.default\">\n\t\t\t\t<div class=\"elementor-widget-container\">\n\t\t\t\t\t\t\t<p>Deklaracje na egzamin zawodowy w sesji lato 2026, dla os\u00f3b przyst\u0119puj\u0105cych do egzaminu po raz kolejny, nale\u017cy sk\u0142ada\u0107 do\u00a0<strong>1 kwietnia 2026 r.<\/strong>\u00a0Termin podyktowany jest przypadaj\u0105c\u0105 przerw\u0105 \u015bwi\u0105teczn\u0105.<\/p>\t\t\t\t\t\t<\/div>\n\t\t\t\t<\/div>\n\t\t\t\t\t<\/div>\n\t\t<\/div>\n\t\t\t\t\t\t\t<\/div>\n\t\t<\/section>\n\t\t\t\t<section class=\"elementor-section elementor-top-section elementor-element elementor-element-1c77fb8 elementor-section-boxed elementor-section-height-default elementor-section-height-default\" data-id=\"1c77fb8\" data-element_type=\"section\">\n\t\t\t\t\t\t<div class=\"elementor-container elementor-column-gap-default\">\n\t\t\t\t\t<div class=\"elementor-column elementor-col-100 elementor-top-column elementor-element elementor-element-232728a\" data-id=\"232728a\" data-element_type=\"column\">\n\t\t\t<div class=\"elementor-widget-wrap elementor-element-populated\">\n\t\t\t\t\t\t\t\t<div class=\"elementor-element elementor-element-ea3b97a elementor-widget-divider--view-line elementor-widget elementor-widget-divider\" data-id=\"ea3b97a\" data-element_type=\"widget\" data-widget_type=\"divider.default\">\n\t\t\t\t<div class=\"elementor-widget-container\">\n\t\t\t\t\t<div class=\"elementor-divider\">\n\t\t\t<span class=\"elementor-divider-separator\">\n\t\t\t\t\t\t<\/span>\n\t\t<\/div>\n\t\t\t\t<\/div>\n\t\t\t\t<\/div>\n\t\t\t\t\t<\/div>\n\t\t<\/div>\n\t\t\t\t\t\t\t<\/div>\n\t\t<\/section>\n\t\t\t\t<section class=\"elementor-section elementor-top-section elementor-element elementor-element-809259d elementor-section-boxed elementor-section-height-default elementor-section-height-default\" data-id=\"809259d\" data-element_type=\"section\">\n\t\t\t\t\t\t<div class=\"elementor-container elementor-column-gap-default\">\n\t\t\t\t\t<div class=\"elementor-column elementor-col-100 elementor-top-column elementor-element elementor-element-a44779c\" data-id=\"a44779c\" data-element_type=\"column\">\n\t\t\t<div class=\"elementor-widget-wrap elementor-element-populated\">\n\t\t\t\t\t\t\t\t<div class=\"elementor-element elementor-element-30e5cc9 elementor-widget elementor-widget-heading\" data-id=\"30e5cc9\" data-element_type=\"widget\" data-widget_type=\"heading.default\">\n\t\t\t\t<div class=\"elementor-widget-container\">\n\t\t\t<h3 class=\"elementor-heading-title elementor-size-default\">Dost\u0119p do materia\u0142\u00f3w na egzamin zawodowy<\/h3>\t\t<\/div>\n\t\t\t\t<\/div>\n\t\t\t\t\t<\/div>\n\t\t<\/div>\n\t\t\t\t\t\t\t<\/div>\n\t\t<\/section>\n\t\t\t\t<section class=\"elementor-section elementor-top-section elementor-element elementor-element-6abf807 elementor-section-boxed elementor-section-height-default elementor-section-height-default\" data-id=\"6abf807\" data-element_type=\"section\">\n\t\t\t\t\t\t<div class=\"elementor-container elementor-column-gap-default\">\n\t\t\t\t\t<div class=\"elementor-column elementor-col-100 elementor-top-column elementor-element elementor-element-f831f6c\" data-id=\"f831f6c\" data-element_type=\"column\">\n\t\t\t<div class=\"elementor-widget-wrap elementor-element-populated\">\n\t\t\t\t\t\t\t\t<div class=\"elementor-element elementor-element-6320c69 elementor-widget elementor-widget-text-editor\" data-id=\"6320c69\" data-element_type=\"widget\" data-widget_type=\"text-editor.default\">\n\t\t\t\t<div class=\"elementor-widget-container\">\n\t\t\t\t\t\t\t<h5>\u00a0<\/h5><div><p>Informujemy, \u017ce wszystkie materia\u0142y dotycz\u0105ce egzaminu potwierdzaj\u0105cego kwalifikacje w zawodzie (formu\u0142a 2012, 2017 i 2019) s\u0105 dost\u0119pne na stronie:<\/p><p><strong><a href=\"https:\/\/www.testy.egzaminzawodowy.info\"> https:\/\/www.testy.egzaminzawodowy.info<\/a><\/strong><\/p><p>W Serwisie dost\u0119pne s\u0105 testy pisemne, arkusze praktyczne, oraz przyk\u0142adowe rozwi\u0105zania\u00a0z egzamin\u00f3w potwierdzaj\u0105cych kwalifikacje w zawodzie opracowane przez Centraln\u0105 Komisj\u0119 Egzaminacyjn\u0105. Baza materia\u0142\u00f3w jest na bie\u017c\u0105co aktualizowana.<br \/>Dost\u0119p do materia\u0142\u00f3w jest\u00a0<strong>BEZP\u0141ATNY<\/strong>.<\/p><p>Testy mo\u017cna rozwi\u0105zywa\u0107 bezpo\u015brednio na stronie (online) lub pobiera\u0107 na sw\u00f3j komputer (np. do wydruku). Mo\u017cliwe jest tak\u017ce generowanie losowych zestaw\u00f3w pyta\u0144. Uczniowie mog\u0105 udost\u0119pnia\u0107 wyniki swoich test\u00f3w nauczycielom, dzi\u0119ki czemu mo\u017cliwa jest nauka zdalna.<\/p><p>Korzystanie z wi\u0119kszo\u015bci funkcji jest ca\u0142kowicie bezp\u0142atne lub mo\u017ce wymaga\u0107 bezp\u0142atnej rejestracji.\u00a0 Dost\u0119pne s\u0105 tak\u017ce dodatkowe funkcje premium, ale nie s\u0105 one w \u017caden spos\u00f3b wymagane do korzystania z Serwisu.<\/p><\/div>\t\t\t\t\t\t<\/div>\n\t\t\t\t<\/div>\n\t\t\t\t\t<\/div>\n\t\t<\/div>\n\t\t\t\t\t\t\t<\/div>\n\t\t<\/section>\n\t\t\t\t<section class=\"elementor-section elementor-top-section elementor-element elementor-element-619b34c elementor-section-boxed elementor-section-height-default elementor-section-height-default\" data-id=\"619b34c\" data-element_type=\"section\">\n\t\t\t\t\t\t<div class=\"elementor-container elementor-column-gap-default\">\n\t\t\t\t\t<div class=\"elementor-column elementor-col-100 elementor-top-column elementor-element elementor-element-85ee347\" data-id=\"85ee347\" data-element_type=\"column\">\n\t\t\t<div class=\"elementor-widget-wrap elementor-element-populated\">\n\t\t\t\t\t\t\t\t<div class=\"elementor-element elementor-element-990a04a elementor-widget-divider--view-line elementor-widget elementor-widget-divider\" data-id=\"990a04a\" data-element_type=\"widget\" data-widget_type=\"divider.default\">\n\t\t\t\t<div class=\"elementor-widget-container\">\n\t\t\t\t\t<div class=\"elementor-divider\">\n\t\t\t<span class=\"elementor-divider-separator\">\n\t\t\t\t\t\t<\/span>\n\t\t<\/div>\n\t\t\t\t<\/div>\n\t\t\t\t<\/div>\n\t\t\t\t\t<\/div>\n\t\t<\/div>\n\t\t\t\t\t\t\t<\/div>\n\t\t<\/section>\n\t\t\t\t<section class=\"elementor-section elementor-top-section elementor-element elementor-element-10ab387 elementor-section-full_width elementor-section-height-default elementor-section-height-default\" data-id=\"10ab387\" data-element_type=\"section\" id=\"maturalne\">\n\t\t\t\t\t\t<div class=\"elementor-container elementor-column-gap-default\">\n\t\t\t\t\t<div class=\"elementor-column elementor-col-100 elementor-top-column elementor-element elementor-element-2ca5de1\" data-id=\"2ca5de1\" data-element_type=\"column\">\n\t\t\t<div class=\"elementor-widget-wrap elementor-element-populated\">\n\t\t\t\t\t\t\t\t<div class=\"elementor-element elementor-element-67fb64e elementor-widget elementor-widget-heading\" data-id=\"67fb64e\" data-element_type=\"widget\" data-widget_type=\"heading.default\">\n\t\t\t\t<div class=\"elementor-widget-container\">\n\t\t\t<h2 class=\"elementor-heading-title elementor-size-default\">Egzaminy maturalne 2026<\/h2>\t\t<\/div>\n\t\t\t\t<\/div>\n\t\t\t\t\t<\/div>\n\t\t<\/div>\n\t\t\t\t\t\t\t<\/div>\n\t\t<\/section>\n\t\t\t\t<section class=\"elementor-section elementor-top-section elementor-element elementor-element-985380e elementor-section-boxed elementor-section-height-default elementor-section-height-default\" data-id=\"985380e\" data-element_type=\"section\">\n\t\t\t\t\t\t<div class=\"elementor-container elementor-column-gap-default\">\n\t\t\t\t\t<div class=\"elementor-column elementor-col-100 elementor-top-column elementor-element elementor-element-f8fff7c\" data-id=\"f8fff7c\" data-element_type=\"column\">\n\t\t\t<div class=\"elementor-widget-wrap elementor-element-populated\">\n\t\t\t\t\t\t\t\t<div class=\"elementor-element elementor-element-37a5ac4 elementor-widget-divider--view-line elementor-widget elementor-widget-divider\" data-id=\"37a5ac4\" data-element_type=\"widget\" data-widget_type=\"divider.default\">\n\t\t\t\t<div class=\"elementor-widget-container\">\n\t\t\t\t\t<div class=\"elementor-divider\">\n\t\t\t<span class=\"elementor-divider-separator\">\n\t\t\t\t\t\t<\/span>\n\t\t<\/div>\n\t\t\t\t<\/div>\n\t\t\t\t<\/div>\n\t\t\t\t\t<\/div>\n\t\t<\/div>\n\t\t\t\t\t\t\t<\/div>\n\t\t<\/section>\n\t\t\t\t<section class=\"elementor-section elementor-top-section elementor-element elementor-element-ad0f86e elementor-section-boxed elementor-section-height-default elementor-section-height-default\" data-id=\"ad0f86e\" data-element_type=\"section\">\n\t\t\t\t\t\t<div class=\"elementor-container elementor-column-gap-default\">\n\t\t\t\t\t<div class=\"elementor-column elementor-col-33 elementor-top-column elementor-element elementor-element-0d0748a\" data-id=\"0d0748a\" data-element_type=\"column\">\n\t\t\t<div class=\"elementor-widget-wrap\">\n\t\t\t\t\t\t\t\t\t<\/div>\n\t\t<\/div>\n\t\t\t\t<div class=\"elementor-column elementor-col-33 elementor-top-column elementor-element elementor-element-6be9739\" data-id=\"6be9739\" data-element_type=\"column\">\n\t\t\t<div class=\"elementor-widget-wrap\">\n\t\t\t\t\t\t\t\t\t<\/div>\n\t\t<\/div>\n\t\t\t\t<div class=\"elementor-column elementor-col-33 elementor-top-column elementor-element elementor-element-5ebc91f\" data-id=\"5ebc91f\" data-element_type=\"column\">\n\t\t\t<div class=\"elementor-widget-wrap\">\n\t\t\t\t\t\t\t\t\t<\/div>\n\t\t<\/div>\n\t\t\t\t\t\t\t<\/div>\n\t\t<\/section>\n\t\t\t\t<section class=\"elementor-section elementor-top-section elementor-element elementor-element-456ad86 elementor-section-boxed elementor-section-height-default elementor-section-height-default\" data-id=\"456ad86\" data-element_type=\"section\">\n\t\t\t\t\t\t<div class=\"elementor-container elementor-column-gap-default\">\n\t\t\t\t\t<div class=\"elementor-column elementor-col-100 elementor-top-column elementor-element elementor-element-1126b54\" data-id=\"1126b54\" data-element_type=\"column\">\n\t\t\t<div class=\"elementor-widget-wrap elementor-element-populated\">\n\t\t\t\t\t\t\t\t<div class=\"elementor-element elementor-element-7a91c61 elementor-widget elementor-widget-heading\" data-id=\"7a91c61\" data-element_type=\"widget\" data-widget_type=\"heading.default\">\n\t\t\t\t<div class=\"elementor-widget-container\">\n\t\t\t<h3 class=\"elementor-heading-title elementor-size-default\">Harmonogram egzamin\u00f3w maturalnych<\/h3>\t\t<\/div>\n\t\t\t\t<\/div>\n\t\t\t\t\t<\/div>\n\t\t<\/div>\n\t\t\t\t\t\t\t<\/div>\n\t\t<\/section>\n\t\t\t\t<section class=\"elementor-section elementor-top-section elementor-element elementor-element-d27c2f6 elementor-section-boxed elementor-section-height-default elementor-section-height-default\" data-id=\"d27c2f6\" data-element_type=\"section\">\n\t\t\t\t\t\t<div class=\"elementor-container elementor-column-gap-default\">\n\t\t\t\t\t<div class=\"elementor-column elementor-col-100 elementor-top-column elementor-element elementor-element-4b4617e\" data-id=\"4b4617e\" data-element_type=\"column\">\n\t\t\t<div class=\"elementor-widget-wrap elementor-element-populated\">\n\t\t\t\t\t\t\t\t<div class=\"elementor-element elementor-element-a088cae elementor-widget elementor-widget-text-editor\" data-id=\"a088cae\" data-element_type=\"widget\" data-widget_type=\"text-editor.default\">\n\t\t\t\t<div class=\"elementor-widget-container\">\n\t\t\t\t\t\t\t<p>Poni\u017cej znajduje si\u0119 harmonogram wszystkich ustnych egzamin\u00f3w maturalnych: zar\u00f3wno z j\u0119zyka polskiego, jak i j\u0119zyk\u00f3w obcych. Prosz\u0119 zapozna\u0107 si\u0119 z harmonogramem, odnale\u017a\u0107 si\u0119 na odpowiedniej li\u015bcie i przyj\u015b\u0107 doskonale przygotowanym w tym terminie.<\/p><p><a href=\"https:\/\/drive.google.com\/drive\/folders\/1oiFwgprwE5H7q87i-2muG1S5mTD56k8x?usp=sharing\"><strong>Harmonogram egzamin\u00f3w pisemnych i ustnych 2026<\/strong><\/a><\/p><p><a href=\"https:\/\/drive.google.com\/drive\/folders\/1fU8wQa3P2DJwxP9tp2YrPqNnS-5AA_z2?usp=sharing\"><strong>Harmonogram egzamin\u00f3w ustnych 2026<\/strong><\/a><\/p>\t\t\t\t\t\t<\/div>\n\t\t\t\t<\/div>\n\t\t\t\t\t<\/div>\n\t\t<\/div>\n\t\t\t\t\t\t\t<\/div>\n\t\t<\/section>\n\t\t\t\t<section class=\"elementor-section elementor-top-section elementor-element elementor-element-32ed3e1 elementor-section-boxed elementor-section-height-default elementor-section-height-default\" data-id=\"32ed3e1\" data-element_type=\"section\">\n\t\t\t\t\t\t<div class=\"elementor-container elementor-column-gap-default\">\n\t\t\t\t\t<div class=\"elementor-column elementor-col-100 elementor-top-column elementor-element elementor-element-2c94277\" data-id=\"2c94277\" data-element_type=\"column\">\n\t\t\t<div class=\"elementor-widget-wrap elementor-element-populated\">\n\t\t\t\t\t\t\t\t<div class=\"elementor-element elementor-element-2d293fd elementor-widget-divider--view-line elementor-widget elementor-widget-divider\" data-id=\"2d293fd\" data-element_type=\"widget\" data-widget_type=\"divider.default\">\n\t\t\t\t<div class=\"elementor-widget-container\">\n\t\t\t\t\t<div class=\"elementor-divider\">\n\t\t\t<span class=\"elementor-divider-separator\">\n\t\t\t\t\t\t<\/span>\n\t\t<\/div>\n\t\t\t\t<\/div>\n\t\t\t\t<\/div>\n\t\t\t\t\t<\/div>\n\t\t<\/div>\n\t\t\t\t\t\t\t<\/div>\n\t\t<\/section>\n\t\t\t\t\t\t<\/div>\n\t\t\t\t\t<\/div>\n\t\t","protected":false},"excerpt":{"rendered":"<p>Egzaminy Egzaminy zawodowe 2026 Sk\u0142adanie deklaracji na egzamin zawodowyw sesji lato 2026 Deklaracje na egzamin zawodowy w sesji lato 2026, dla os\u00f3b przyst\u0119puj\u0105cych do egzaminu po raz kolejny, nale\u017cy sk\u0142ada\u0107 do\u00a01 kwietnia 2026 r.\u00a0Termin podyktowany jest przypadaj\u0105c\u0105 przerw\u0105 \u015bwi\u0105teczn\u0105. Dost\u0119p do materia\u0142\u00f3w na egzamin zawodowy \u00a0 Informujemy, \u017ce wszystkie materia\u0142y dotycz\u0105ce egzaminu potwierdzaj\u0105cego kwalifikacje w &hellip;<\/p>\n<p class=\"read-more\"> <a class=\"\" href=\"https:\/\/www.thm.ostrowiec.pl\/?page_id=766\"> <span class=\"screen-reader-text\">Egzaminy<\/span> Read More &raquo;<\/a><\/p>\n","protected":false},"author":1,"featured_media":0,"parent":0,"menu_order":0,"comment_status":"closed","ping_status":"closed","template":"","meta":{"ngg_post_thumbnail":0,"footnotes":""},"_links":{"self":[{"href":"https:\/\/www.thm.ostrowiec.pl\/index.php?rest_route=\/wp\/v2\/pages\/766"}],"collection":[{"href":"https:\/\/www.thm.ostrowiec.pl\/index.php?rest_route=\/wp\/v2\/pages"}],"about":[{"href":"https:\/\/www.thm.ostrowiec.pl\/index.php?rest_route=\/wp\/v2\/types\/page"}],"author":[{"embeddable":true,"href":"https:\/\/www.thm.ostrowiec.pl\/index.php?rest_route=\/wp\/v2\/users\/1"}],"replies":[{"embeddable":true,"href":"https:\/\/www.thm.ostrowiec.pl\/index.php?rest_route=%2Fwp%2Fv2%2Fcomments&post=766"}],"version-history":[{"count":96,"href":"https:\/\/www.thm.ostrowiec.pl\/index.php?rest_route=\/wp\/v2\/pages\/766\/revisions"}],"predecessor-version":[{"id":6526,"href":"https:\/\/www.thm.ostrowiec.pl\/index.php?rest_route=\/wp\/v2\/pages\/766\/revisions\/6526"}],"wp:attachment":[{"href":"https:\/\/www.thm.ostrowiec.pl\/index.php?rest_route=%2Fwp%2Fv2%2Fmedia&parent=766"}],"curies":[{"name":"wp","href":"https:\/\/api.w.org\/{rel}","templated":true}]}}