{"id":5094,"date":"2024-11-06T14:03:38","date_gmt":"2024-11-06T14:03:38","guid":{"rendered":"https:\/\/www.thm.ostrowiec.pl\/?page_id=5094"},"modified":"2024-11-06T14:17:28","modified_gmt":"2024-11-06T14:17:28","slug":"pomoc-zdrowotna-dla-nauczycieli-emerytow-i-rencistow","status":"publish","type":"page","link":"https:\/\/www.thm.ostrowiec.pl\/?page_id=5094","title":{"rendered":"Pomoc zdrowotna"},"content":{"rendered":"\t\t<div data-elementor-type=\"wp-page\" data-elementor-id=\"5094\" class=\"elementor elementor-5094\" data-elementor-settings=\"[]\">\n\t\t\t\t\t\t\t<div class=\"elementor-section-wrap\">\n\t\t\t\t\t\t\t<section class=\"elementor-section elementor-top-section elementor-element elementor-element-5e5b8187 elementor-section-height-min-height elementor-section-boxed elementor-section-height-default elementor-section-items-middle\" data-id=\"5e5b8187\" data-element_type=\"section\" data-settings=\"{&quot;background_background&quot;:&quot;classic&quot;}\">\n\t\t\t\t\t\t\t<div class=\"elementor-background-overlay\"><\/div>\n\t\t\t\t\t\t\t<div class=\"elementor-container elementor-column-gap-default\">\n\t\t\t\t\t<div class=\"elementor-column elementor-col-100 elementor-top-column elementor-element elementor-element-6e5408de\" data-id=\"6e5408de\" data-element_type=\"column\">\n\t\t\t<div class=\"elementor-widget-wrap elementor-element-populated\">\n\t\t\t\t\t\t\t\t<div class=\"elementor-element elementor-element-5f59752a elementor-widget elementor-widget-heading\" data-id=\"5f59752a\" data-element_type=\"widget\" data-widget_type=\"heading.default\">\n\t\t\t\t<div class=\"elementor-widget-container\">\n\t\t\t<div class=\"elementor-heading-title elementor-size-default\">Pomoc zdrowotna <\/div>\t\t<\/div>\n\t\t\t\t<\/div>\n\t\t\t\t\t<\/div>\n\t\t<\/div>\n\t\t\t\t\t\t\t<\/div>\n\t\t<\/section>\n\t\t\t\t<section class=\"elementor-section elementor-top-section elementor-element elementor-element-d7a7cdf elementor-section-boxed elementor-section-height-default elementor-section-height-default\" data-id=\"d7a7cdf\" data-element_type=\"section\">\n\t\t\t\t\t\t<div class=\"elementor-container elementor-column-gap-default\">\n\t\t\t\t\t<div class=\"elementor-column elementor-col-100 elementor-top-column elementor-element elementor-element-d3963d1\" data-id=\"d3963d1\" data-element_type=\"column\">\n\t\t\t<div class=\"elementor-widget-wrap elementor-element-populated\">\n\t\t\t\t\t\t\t\t<div class=\"elementor-element elementor-element-e229e56 elementor-widget-divider--view-line elementor-widget elementor-widget-divider\" data-id=\"e229e56\" data-element_type=\"widget\" data-widget_type=\"divider.default\">\n\t\t\t\t<div class=\"elementor-widget-container\">\n\t\t\t\t\t<div class=\"elementor-divider\">\n\t\t\t<span class=\"elementor-divider-separator\">\n\t\t\t\t\t\t<\/span>\n\t\t<\/div>\n\t\t\t\t<\/div>\n\t\t\t\t<\/div>\n\t\t\t\t\t<\/div>\n\t\t<\/div>\n\t\t\t\t\t\t\t<\/div>\n\t\t<\/section>\n\t\t\t\t<section class=\"elementor-section elementor-top-section elementor-element elementor-element-cd3e211 elementor-section-boxed elementor-section-height-default elementor-section-height-default\" data-id=\"cd3e211\" data-element_type=\"section\">\n\t\t\t\t\t\t<div class=\"elementor-container elementor-column-gap-default\">\n\t\t\t\t\t<div class=\"elementor-column elementor-col-100 elementor-top-column elementor-element elementor-element-345c2b4\" data-id=\"345c2b4\" data-element_type=\"column\">\n\t\t\t<div class=\"elementor-widget-wrap elementor-element-populated\">\n\t\t\t\t\t\t\t\t<div class=\"elementor-element elementor-element-3789a3a elementor-widget elementor-widget-heading\" data-id=\"3789a3a\" data-element_type=\"widget\" data-widget_type=\"heading.default\">\n\t\t\t\t<div class=\"elementor-widget-container\">\n\t\t\t<h3 class=\"elementor-heading-title elementor-size-default\">Dokumenty zwi\u0105zane z pomoc\u0105 zdrowotn\u0105 dla nauczycieli, emeryt\u00f3w i rencist\u00f3w<\/h3>\t\t<\/div>\n\t\t\t\t<\/div>\n\t\t\t\t\t<\/div>\n\t\t<\/div>\n\t\t\t\t\t\t\t<\/div>\n\t\t<\/section>\n\t\t\t\t<section class=\"elementor-section elementor-top-section elementor-element elementor-element-d2af821 elementor-section-boxed elementor-section-height-default elementor-section-height-default\" data-id=\"d2af821\" data-element_type=\"section\">\n\t\t\t\t\t\t<div class=\"elementor-container elementor-column-gap-default\">\n\t\t\t\t\t<div class=\"elementor-column elementor-col-100 elementor-top-column elementor-element elementor-element-20d4c3b\" data-id=\"20d4c3b\" data-element_type=\"column\">\n\t\t\t<div class=\"elementor-widget-wrap elementor-element-populated\">\n\t\t\t\t\t\t\t\t<div class=\"elementor-element elementor-element-3f9547b elementor-widget elementor-widget-text-editor\" data-id=\"3f9547b\" data-element_type=\"widget\" data-widget_type=\"text-editor.default\">\n\t\t\t\t<div class=\"elementor-widget-container\">\n\t\t\t\t\t\t\t<ul><li><a href=\"https:\/\/www.thm.ostrowiec.pl\/wp-content\/uploads\/2024\/11\/regulamin-pomocy-zdrowotnej.pdf\">Regulamin pomocy zdrowotnej<\/a><\/li><li><a href=\"https:\/\/www.thm.ostrowiec.pl\/wp-content\/uploads\/2024\/11\/Wniosek-o-przyznanie-pomocy-zdrowotnej.pdf\">Wniosek o przyznanie pomocy zdrowotnej<\/a><\/li><li><a href=\"https:\/\/www.thm.ostrowiec.pl\/wp-content\/uploads\/2024\/11\/Oswiadczenie-do-przyznania-pomocy-zdrowotnej.pdf\">O\u015bwiadczenie do przyznania pomocy zdrowotnej<\/a><\/li><\/ul>\t\t\t\t\t\t<\/div>\n\t\t\t\t<\/div>\n\t\t\t\t\t<\/div>\n\t\t<\/div>\n\t\t\t\t\t\t\t<\/div>\n\t\t<\/section>\n\t\t\t\t\t\t<\/div>\n\t\t\t\t\t<\/div>\n\t\t","protected":false},"excerpt":{"rendered":"<p>Pomoc zdrowotna Dokumenty zwi\u0105zane z pomoc\u0105 zdrowotn\u0105 dla nauczycieli, emeryt\u00f3w i rencist\u00f3w Regulamin pomocy zdrowotnej Wniosek o przyznanie pomocy zdrowotnej O\u015bwiadczenie do przyznania pomocy zdrowotnej<\/p>\n","protected":false},"author":1,"featured_media":0,"parent":0,"menu_order":2,"comment_status":"closed","ping_status":"closed","template":"","meta":{"ngg_post_thumbnail":0,"footnotes":""},"_links":{"self":[{"href":"https:\/\/www.thm.ostrowiec.pl\/index.php?rest_route=\/wp\/v2\/pages\/5094"}],"collection":[{"href":"https:\/\/www.thm.ostrowiec.pl\/index.php?rest_route=\/wp\/v2\/pages"}],"about":[{"href":"https:\/\/www.thm.ostrowiec.pl\/index.php?rest_route=\/wp\/v2\/types\/page"}],"author":[{"embeddable":true,"href":"https:\/\/www.thm.ostrowiec.pl\/index.php?rest_route=\/wp\/v2\/users\/1"}],"replies":[{"embeddable":true,"href":"https:\/\/www.thm.ostrowiec.pl\/index.php?rest_route=%2Fwp%2Fv2%2Fcomments&post=5094"}],"version-history":[{"count":8,"href":"https:\/\/www.thm.ostrowiec.pl\/index.php?rest_route=\/wp\/v2\/pages\/5094\/revisions"}],"predecessor-version":[{"id":5107,"href":"https:\/\/www.thm.ostrowiec.pl\/index.php?rest_route=\/wp\/v2\/pages\/5094\/revisions\/5107"}],"wp:attachment":[{"href":"https:\/\/www.thm.ostrowiec.pl\/index.php?rest_route=%2Fwp%2Fv2%2Fmedia&parent=5094"}],"curies":[{"name":"wp","href":"https:\/\/api.w.org\/{rel}","templated":true}]}}