{"id":4603,"date":"2024-03-21T11:42:40","date_gmt":"2024-03-21T11:42:40","guid":{"rendered":"https:\/\/www.thm.ostrowiec.pl\/?page_id=4603"},"modified":"2025-11-24T12:02:22","modified_gmt":"2025-11-24T12:02:22","slug":"kontakt-2","status":"publish","type":"page","link":"https:\/\/www.thm.ostrowiec.pl\/?page_id=4603","title":{"rendered":"Kontakt"},"content":{"rendered":"\t\t<div data-elementor-type=\"wp-page\" data-elementor-id=\"4603\" class=\"elementor elementor-4603\" data-elementor-settings=\"[]\">\n\t\t\t\t\t\t\t<div class=\"elementor-section-wrap\">\n\t\t\t\t\t\t\t<section class=\"elementor-section elementor-top-section elementor-element elementor-element-5e5b8187 elementor-section-height-min-height elementor-section-boxed elementor-section-height-default elementor-section-items-middle\" data-id=\"5e5b8187\" data-element_type=\"section\" data-settings=\"{&quot;background_background&quot;:&quot;classic&quot;}\">\n\t\t\t\t\t\t\t<div class=\"elementor-background-overlay\"><\/div>\n\t\t\t\t\t\t\t<div class=\"elementor-container elementor-column-gap-default\">\n\t\t\t\t\t<div class=\"elementor-column elementor-col-100 elementor-top-column elementor-element elementor-element-6e5408de\" data-id=\"6e5408de\" data-element_type=\"column\">\n\t\t\t<div class=\"elementor-widget-wrap elementor-element-populated\">\n\t\t\t\t\t\t\t\t<div class=\"elementor-element elementor-element-5f59752a elementor-widget elementor-widget-heading\" data-id=\"5f59752a\" data-element_type=\"widget\" data-widget_type=\"heading.default\">\n\t\t\t\t<div class=\"elementor-widget-container\">\n\t\t\t<h2 class=\"elementor-heading-title elementor-size-default\">Kontakt<\/h2>\t\t<\/div>\n\t\t\t\t<\/div>\n\t\t\t\t\t<\/div>\n\t\t<\/div>\n\t\t\t\t\t\t\t<\/div>\n\t\t<\/section>\n\t\t\t\t<section class=\"elementor-section elementor-top-section elementor-element elementor-element-6b1f336 elementor-section-boxed elementor-section-height-default elementor-section-height-default\" data-id=\"6b1f336\" data-element_type=\"section\">\n\t\t\t\t\t\t<div class=\"elementor-container elementor-column-gap-default\">\n\t\t\t\t\t<div class=\"elementor-column elementor-col-100 elementor-top-column elementor-element elementor-element-ac0ebe0\" data-id=\"ac0ebe0\" data-element_type=\"column\">\n\t\t\t<div class=\"elementor-widget-wrap elementor-element-populated\">\n\t\t\t\t\t\t\t\t<div class=\"elementor-element elementor-element-b62d848 elementor-widget elementor-widget-heading\" data-id=\"b62d848\" data-element_type=\"widget\" data-widget_type=\"heading.default\">\n\t\t\t\t<div class=\"elementor-widget-container\">\n\t\t\t<h2 class=\"elementor-heading-title elementor-size-default\">Dane kontaktowe do szko\u0142y:<\/h2>\t\t<\/div>\n\t\t\t\t<\/div>\n\t\t\t\t\t<\/div>\n\t\t<\/div>\n\t\t\t\t\t\t\t<\/div>\n\t\t<\/section>\n\t\t\t\t<section class=\"elementor-section elementor-top-section elementor-element elementor-element-b9ecc5d elementor-section-boxed elementor-section-height-default elementor-section-height-default\" data-id=\"b9ecc5d\" data-element_type=\"section\">\n\t\t\t\t\t\t<div class=\"elementor-container elementor-column-gap-default\">\n\t\t\t\t\t<div class=\"elementor-column elementor-col-100 elementor-top-column elementor-element elementor-element-fc35305\" data-id=\"fc35305\" data-element_type=\"column\">\n\t\t\t<div class=\"elementor-widget-wrap elementor-element-populated\">\n\t\t\t\t\t\t\t\t<div class=\"elementor-element elementor-element-5fa1a83 elementor-widget-divider--view-line elementor-widget elementor-widget-divider\" data-id=\"5fa1a83\" data-element_type=\"widget\" data-widget_type=\"divider.default\">\n\t\t\t\t<div class=\"elementor-widget-container\">\n\t\t\t\t\t<div class=\"elementor-divider\">\n\t\t\t<span class=\"elementor-divider-separator\">\n\t\t\t\t\t\t<\/span>\n\t\t<\/div>\n\t\t\t\t<\/div>\n\t\t\t\t<\/div>\n\t\t\t\t\t<\/div>\n\t\t<\/div>\n\t\t\t\t\t\t\t<\/div>\n\t\t<\/section>\n\t\t\t\t<section class=\"elementor-section elementor-top-section elementor-element elementor-element-1725770 elementor-section-boxed elementor-section-height-default elementor-section-height-default\" data-id=\"1725770\" data-element_type=\"section\">\n\t\t\t\t\t\t<div class=\"elementor-container elementor-column-gap-default\">\n\t\t\t\t\t<div class=\"elementor-column elementor-col-100 elementor-top-column elementor-element elementor-element-093ef61\" data-id=\"093ef61\" data-element_type=\"column\">\n\t\t\t<div class=\"elementor-widget-wrap elementor-element-populated\">\n\t\t\t\t\t\t\t\t<div class=\"elementor-element elementor-element-38a19a8 elementor-widget elementor-widget-heading\" data-id=\"38a19a8\" data-element_type=\"widget\" data-widget_type=\"heading.default\">\n\t\t\t\t<div class=\"elementor-widget-container\">\n\t\t\t<h5 class=\"elementor-heading-title elementor-size-default\">Zesp\u00f3\u0142 Szk\u00f3\u0142 nr 3<br>\nul. Sandomierska 2<br>\n27-400 Ostrowiec \u015awi\u0119tokrzyski<\/h5>\t\t<\/div>\n\t\t\t\t<\/div>\n\t\t\t\t\t<\/div>\n\t\t<\/div>\n\t\t\t\t\t\t\t<\/div>\n\t\t<\/section>\n\t\t\t\t<section class=\"elementor-section elementor-top-section elementor-element elementor-element-62f027c elementor-section-boxed elementor-section-height-default elementor-section-height-default\" data-id=\"62f027c\" data-element_type=\"section\">\n\t\t\t\t\t\t<div class=\"elementor-container elementor-column-gap-default\">\n\t\t\t\t\t<div class=\"elementor-column elementor-col-100 elementor-top-column elementor-element elementor-element-def162e\" data-id=\"def162e\" data-element_type=\"column\">\n\t\t\t<div class=\"elementor-widget-wrap elementor-element-populated\">\n\t\t\t\t\t\t\t\t<div class=\"elementor-element elementor-element-576e0c4 elementor-widget elementor-widget-heading\" data-id=\"576e0c4\" data-element_type=\"widget\" data-widget_type=\"heading.default\">\n\t\t\t\t<div class=\"elementor-widget-container\">\n\t\t\t<h5 class=\"elementor-heading-title elementor-size-default\"><a href=\"http:\/\/l\">tel. (041) 265-45-81<br>pn-pt 7:00 - 15:00<br>sekretariat@zs3ostrowiec.pl<\/a><\/h5>\t\t<\/div>\n\t\t\t\t<\/div>\n\t\t\t\t\t<\/div>\n\t\t<\/div>\n\t\t\t\t\t\t\t<\/div>\n\t\t<\/section>\n\t\t\t\t<section class=\"elementor-section elementor-top-section elementor-element elementor-element-069fcf4 elementor-section-boxed elementor-section-height-default elementor-section-height-default\" data-id=\"069fcf4\" data-element_type=\"section\">\n\t\t\t\t\t\t<div class=\"elementor-container elementor-column-gap-default\">\n\t\t\t\t\t<div class=\"elementor-column elementor-col-100 elementor-top-column elementor-element elementor-element-90c90a2\" data-id=\"90c90a2\" data-element_type=\"column\">\n\t\t\t<div class=\"elementor-widget-wrap elementor-element-populated\">\n\t\t\t\t\t\t\t\t<div class=\"elementor-element elementor-element-e613dcf elementor-widget-divider--view-line elementor-widget elementor-widget-divider\" data-id=\"e613dcf\" data-element_type=\"widget\" data-widget_type=\"divider.default\">\n\t\t\t\t<div class=\"elementor-widget-container\">\n\t\t\t\t\t<div class=\"elementor-divider\">\n\t\t\t<span class=\"elementor-divider-separator\">\n\t\t\t\t\t\t<\/span>\n\t\t<\/div>\n\t\t\t\t<\/div>\n\t\t\t\t<\/div>\n\t\t\t\t\t<\/div>\n\t\t<\/div>\n\t\t\t\t\t\t\t<\/div>\n\t\t<\/section>\n\t\t\t\t<section class=\"elementor-section elementor-top-section elementor-element elementor-element-c991ba4 elementor-section-boxed elementor-section-height-default elementor-section-height-default\" data-id=\"c991ba4\" data-element_type=\"section\">\n\t\t\t\t\t\t<div class=\"elementor-container elementor-column-gap-default\">\n\t\t\t\t\t<div class=\"elementor-column elementor-col-100 elementor-top-column elementor-element elementor-element-1b8e16f\" data-id=\"1b8e16f\" data-element_type=\"column\">\n\t\t\t<div class=\"elementor-widget-wrap elementor-element-populated\">\n\t\t\t\t\t\t\t\t<div class=\"elementor-element elementor-element-573ac76 elementor-widget elementor-widget-heading\" data-id=\"573ac76\" data-element_type=\"widget\" data-widget_type=\"heading.default\">\n\t\t\t\t<div class=\"elementor-widget-container\">\n\t\t\t<h5 class=\"elementor-heading-title elementor-size-default\">Dyrektor: <br>dyrektor@zs3ostrowiec.pl<\/h5>\t\t<\/div>\n\t\t\t\t<\/div>\n\t\t\t\t\t<\/div>\n\t\t<\/div>\n\t\t\t\t\t\t\t<\/div>\n\t\t<\/section>\n\t\t\t\t<section class=\"elementor-section elementor-top-section elementor-element elementor-element-87753a1 elementor-section-boxed elementor-section-height-default elementor-section-height-default\" data-id=\"87753a1\" data-element_type=\"section\">\n\t\t\t\t\t\t<div class=\"elementor-container elementor-column-gap-default\">\n\t\t\t\t\t<div class=\"elementor-column elementor-col-100 elementor-top-column elementor-element elementor-element-261be5b\" data-id=\"261be5b\" data-element_type=\"column\">\n\t\t\t<div class=\"elementor-widget-wrap elementor-element-populated\">\n\t\t\t\t\t\t\t\t<div class=\"elementor-element elementor-element-8b0765a elementor-widget-divider--view-line elementor-widget elementor-widget-divider\" data-id=\"8b0765a\" data-element_type=\"widget\" data-widget_type=\"divider.default\">\n\t\t\t\t<div class=\"elementor-widget-container\">\n\t\t\t\t\t<div class=\"elementor-divider\">\n\t\t\t<span class=\"elementor-divider-separator\">\n\t\t\t\t\t\t<\/span>\n\t\t<\/div>\n\t\t\t\t<\/div>\n\t\t\t\t<\/div>\n\t\t\t\t\t<\/div>\n\t\t<\/div>\n\t\t\t\t\t\t\t<\/div>\n\t\t<\/section>\n\t\t\t\t<section class=\"elementor-section elementor-top-section elementor-element elementor-element-b847d2e elementor-section-boxed elementor-section-height-default elementor-section-height-default\" data-id=\"b847d2e\" data-element_type=\"section\">\n\t\t\t\t\t\t<div class=\"elementor-container elementor-column-gap-default\">\n\t\t\t\t\t<div class=\"elementor-column elementor-col-100 elementor-top-column elementor-element elementor-element-c305523\" data-id=\"c305523\" data-element_type=\"column\">\n\t\t\t<div class=\"elementor-widget-wrap elementor-element-populated\">\n\t\t\t\t\t\t\t\t<div class=\"elementor-element elementor-element-91b6547 elementor-widget elementor-widget-text-editor\" data-id=\"91b6547\" data-element_type=\"widget\" data-widget_type=\"text-editor.default\">\n\t\t\t\t<div class=\"elementor-widget-container\">\n\t\t\t\t\t\t\t<p><strong>Wicedyrektorzy:\u00a0<\/strong><\/p><p><a href=\"mailto:dyrekcja@zs3ostrowiec.pl\">dyrekcja@zs3ostrowiec.pl<\/a><\/p><p><strong>Sekretariat:<\/strong><\/p><p><a href=\"mailto:sekretariat@zs3ostrowiec.pl\">sekretariat@zs3ostrowiec.pl<\/a><\/p><p><strong>Kadry:<\/strong><\/p><p><a href=\"mailto:kadry@zs3ostrowiec.pl\">kadry@zs3ostrowiec.pl<\/a><\/p><p><strong>Biblioteka:<\/strong><\/p><p><a href=\"mailto:biblioteka@zs3ostrowiec.pl\">biblioteka@zs3ostrowiec.pl<\/a><\/p><p><strong>Ksi\u0119gowo\u015b\u0107:<\/strong><\/p><p><a href=\"mailto:ksiegowosc@zs3ostrowiec.pl\">ksiegowosc@zs3ostrowiec.pl<\/a><\/p><p><strong>Pedagog:<\/strong><\/p><p><a href=\"mailto:pedagog@zs3ostrowiec.pl\">pedagog@zs3ostrowiec.pl<\/a><\/p><p><strong>Psycholog:<\/strong><\/p><p><a href=\"mailto:psycholog@zs3ostrowiec.pl\">psycholog@zs3ostrowiec.pl<\/a><\/p><p><strong>Inspektor Ochrony Danych:<\/strong><\/p><p><a href=\"mailto:iod@arx.net.pl\">iod@arx.net.pl<\/a><\/p>\t\t\t\t\t\t<\/div>\n\t\t\t\t<\/div>\n\t\t\t\t\t<\/div>\n\t\t<\/div>\n\t\t\t\t\t\t\t<\/div>\n\t\t<\/section>\n\t\t\t\t<section class=\"elementor-section elementor-top-section elementor-element elementor-element-c1e8f7c elementor-section-boxed elementor-section-height-default elementor-section-height-default\" data-id=\"c1e8f7c\" data-element_type=\"section\">\n\t\t\t\t\t\t<div class=\"elementor-container elementor-column-gap-default\">\n\t\t\t\t\t<div class=\"elementor-column elementor-col-100 elementor-top-column elementor-element elementor-element-37093b1\" data-id=\"37093b1\" data-element_type=\"column\">\n\t\t\t<div class=\"elementor-widget-wrap elementor-element-populated\">\n\t\t\t\t\t\t\t\t<div class=\"elementor-element elementor-element-5444ed4 elementor-widget-divider--view-line elementor-widget elementor-widget-divider\" data-id=\"5444ed4\" data-element_type=\"widget\" data-widget_type=\"divider.default\">\n\t\t\t\t<div class=\"elementor-widget-container\">\n\t\t\t\t\t<div class=\"elementor-divider\">\n\t\t\t<span class=\"elementor-divider-separator\">\n\t\t\t\t\t\t<\/span>\n\t\t<\/div>\n\t\t\t\t<\/div>\n\t\t\t\t<\/div>\n\t\t\t\t\t<\/div>\n\t\t<\/div>\n\t\t\t\t\t\t\t<\/div>\n\t\t<\/section>\n\t\t\t\t\t\t<\/div>\n\t\t\t\t\t<\/div>\n\t\t","protected":false},"excerpt":{"rendered":"<p>Kontakt Dane kontaktowe do szko\u0142y: Zesp\u00f3\u0142 Szk\u00f3\u0142 nr 3 ul. Sandomierska 2 27-400 Ostrowiec \u015awi\u0119tokrzyski tel. (041) 265-45-81pn-pt 7:00 &#8211; 15:00sekretariat@zs3ostrowiec.pl Dyrektor: dyrektor@zs3ostrowiec.pl Wicedyrektorzy:\u00a0 dyrekcja@zs3ostrowiec.pl Sekretariat: sekretariat@zs3ostrowiec.pl Kadry: kadry@zs3ostrowiec.pl Biblioteka: biblioteka@zs3ostrowiec.pl Ksi\u0119gowo\u015b\u0107: ksiegowosc@zs3ostrowiec.pl Pedagog: pedagog@zs3ostrowiec.pl Psycholog: psycholog@zs3ostrowiec.pl Inspektor Ochrony Danych: iod@arx.net.pl<\/p>\n","protected":false},"author":1,"featured_media":0,"parent":0,"menu_order":2,"comment_status":"closed","ping_status":"closed","template":"elementor_theme","meta":{"ngg_post_thumbnail":0,"footnotes":""},"_links":{"self":[{"href":"https:\/\/www.thm.ostrowiec.pl\/index.php?rest_route=\/wp\/v2\/pages\/4603"}],"collection":[{"href":"https:\/\/www.thm.ostrowiec.pl\/index.php?rest_route=\/wp\/v2\/pages"}],"about":[{"href":"https:\/\/www.thm.ostrowiec.pl\/index.php?rest_route=\/wp\/v2\/types\/page"}],"author":[{"embeddable":true,"href":"https:\/\/www.thm.ostrowiec.pl\/index.php?rest_route=\/wp\/v2\/users\/1"}],"replies":[{"embeddable":true,"href":"https:\/\/www.thm.ostrowiec.pl\/index.php?rest_route=%2Fwp%2Fv2%2Fcomments&post=4603"}],"version-history":[{"count":40,"href":"https:\/\/www.thm.ostrowiec.pl\/index.php?rest_route=\/wp\/v2\/pages\/4603\/revisions"}],"predecessor-version":[{"id":6034,"href":"https:\/\/www.thm.ostrowiec.pl\/index.php?rest_route=\/wp\/v2\/pages\/4603\/revisions\/6034"}],"wp:attachment":[{"href":"https:\/\/www.thm.ostrowiec.pl\/index.php?rest_route=%2Fwp%2Fv2%2Fmedia&parent=4603"}],"curies":[{"name":"wp","href":"https:\/\/api.w.org\/{rel}","templated":true}]}}