{"id":4164,"date":"2023-11-17T11:38:04","date_gmt":"2023-11-17T11:38:04","guid":{"rendered":"https:\/\/www.thm.ostrowiec.pl\/?page_id=4164"},"modified":"2025-10-26T16:57:39","modified_gmt":"2025-10-26T16:57:39","slug":"ubezpieczenie-nnw","status":"publish","type":"page","link":"https:\/\/www.thm.ostrowiec.pl\/?page_id=4164","title":{"rendered":"Ubezpieczenie NNW"},"content":{"rendered":"\t\t<div data-elementor-type=\"wp-page\" data-elementor-id=\"4164\" class=\"elementor elementor-4164\" data-elementor-settings=\"[]\">\n\t\t\t\t\t\t\t<div class=\"elementor-section-wrap\">\n\t\t\t\t\t\t\t<section class=\"elementor-section elementor-top-section elementor-element elementor-element-5e5b8187 elementor-section-height-min-height elementor-section-boxed elementor-section-height-default elementor-section-items-middle\" data-id=\"5e5b8187\" data-element_type=\"section\" data-settings=\"{&quot;background_background&quot;:&quot;classic&quot;}\">\n\t\t\t\t\t\t\t<div class=\"elementor-background-overlay\"><\/div>\n\t\t\t\t\t\t\t<div class=\"elementor-container elementor-column-gap-default\">\n\t\t\t\t\t<div class=\"elementor-column elementor-col-100 elementor-top-column elementor-element elementor-element-6e5408de\" data-id=\"6e5408de\" data-element_type=\"column\">\n\t\t\t<div class=\"elementor-widget-wrap elementor-element-populated\">\n\t\t\t\t\t\t\t\t<div class=\"elementor-element elementor-element-5f59752a elementor-widget elementor-widget-heading\" data-id=\"5f59752a\" data-element_type=\"widget\" data-widget_type=\"heading.default\">\n\t\t\t\t<div class=\"elementor-widget-container\">\n\t\t\t<h3 class=\"elementor-heading-title elementor-size-default\">Ubezpieczenie NNW<\/h3>\t\t<\/div>\n\t\t\t\t<\/div>\n\t\t\t\t\t<\/div>\n\t\t<\/div>\n\t\t\t\t\t\t\t<\/div>\n\t\t<\/section>\n\t\t\t\t<section class=\"elementor-section elementor-top-section elementor-element elementor-element-881720c elementor-section-boxed elementor-section-height-default elementor-section-height-default\" data-id=\"881720c\" data-element_type=\"section\">\n\t\t\t\t\t\t<div class=\"elementor-container elementor-column-gap-default\">\n\t\t\t\t\t<div class=\"elementor-column elementor-col-100 elementor-top-column elementor-element elementor-element-b18f646\" data-id=\"b18f646\" data-element_type=\"column\">\n\t\t\t<div class=\"elementor-widget-wrap elementor-element-populated\">\n\t\t\t\t\t\t\t\t<div class=\"elementor-element elementor-element-47ebf88 elementor-widget elementor-widget-heading\" data-id=\"47ebf88\" data-element_type=\"widget\" data-widget_type=\"heading.default\">\n\t\t\t\t<div class=\"elementor-widget-container\">\n\t\t\t<h3 class=\"elementor-heading-title elementor-size-default\">Informacje dotycz\u0105ce ubezpieczenia<\/h3>\t\t<\/div>\n\t\t\t\t<\/div>\n\t\t\t\t\t<\/div>\n\t\t<\/div>\n\t\t\t\t\t\t\t<\/div>\n\t\t<\/section>\n\t\t\t\t<section class=\"elementor-section elementor-top-section elementor-element elementor-element-81353ee elementor-section-boxed elementor-section-height-default elementor-section-height-default\" data-id=\"81353ee\" data-element_type=\"section\">\n\t\t\t\t\t\t<div class=\"elementor-container elementor-column-gap-default\">\n\t\t\t\t\t<div class=\"elementor-column elementor-col-100 elementor-top-column elementor-element elementor-element-82891bb\" data-id=\"82891bb\" data-element_type=\"column\">\n\t\t\t<div class=\"elementor-widget-wrap elementor-element-populated\">\n\t\t\t\t\t\t\t\t<div class=\"elementor-element elementor-element-90e35ab elementor-widget elementor-widget-text-editor\" data-id=\"90e35ab\" data-element_type=\"widget\" data-widget_type=\"text-editor.default\">\n\t\t\t\t<div class=\"elementor-widget-container\">\n\t\t\t\t\t\t\t<p>Wszystkie sprawy dotycz\u0105ce ubezpieczenia zg\u0142aszane s\u0105 samodzielnie\u00a0 po zako\u0144czeniu procesu leczenia.<\/p><p>Rok szkolny 2023\/2024: Numer polisy ALLIANZ: <strong>440-23-606-00024137<\/strong><\/p><p>Rok szkolny 2024\/2025: Numer polisy ALLIANZ: <strong>440-24-606-00058974<\/strong><\/p><p>Rok szkolny 2025\/2026: Numer polisy InterRisk: <strong>EDU-A\/P nr 159769<\/strong><\/p><p><a href=\"https:\/\/zgloszenie.interrisk.pl\/osoba\/nnw\/dane-polisy\">Formularz on-line do zg\u0142aszania szkody<\/a><\/p><p><a href=\"https:\/\/www.thm.ostrowiec.pl\/wp-content\/uploads\/2025\/09\/druk-zgloszeni-szkody-IX-2024.pdf\">Formularz do zg\u0142aszania szkody (wersja papierowa)<\/a><\/p><p><a href=\"https:\/\/www.thm.ostrowiec.pl\/wp-content\/uploads\/2025\/09\/OWU-EDU-PLUS-obowiazujace-od-26.03.2025r.pdf\">Og\u00f3lne warunki ubezpieczenia\u00a0<\/a><\/p><p><a href=\"https:\/\/www.thm.ostrowiec.pl\/wp-content\/uploads\/2025\/09\/szczegolowe_warunki_ubezpieczenia.pdf\">Szczeg\u00f3\u0142owe warunki ubezpieczenia<\/a>\u00a0<\/p><p><strong>\u00a0<\/strong><\/p>\t\t\t\t\t\t<\/div>\n\t\t\t\t<\/div>\n\t\t\t\t\t<\/div>\n\t\t<\/div>\n\t\t\t\t\t\t\t<\/div>\n\t\t<\/section>\n\t\t\t\t\t\t<\/div>\n\t\t\t\t\t<\/div>\n\t\t","protected":false},"excerpt":{"rendered":"<p>Ubezpieczenie NNW Informacje dotycz\u0105ce ubezpieczenia Wszystkie sprawy dotycz\u0105ce ubezpieczenia zg\u0142aszane s\u0105 samodzielnie\u00a0 po zako\u0144czeniu procesu leczenia. Rok szkolny 2023\/2024: Numer polisy ALLIANZ: 440-23-606-00024137 Rok szkolny 2024\/2025: Numer polisy ALLIANZ: 440-24-606-00058974 Rok szkolny 2025\/2026: Numer polisy InterRisk: EDU-A\/P nr 159769 Formularz on-line do zg\u0142aszania szkody Formularz do zg\u0142aszania szkody (wersja papierowa) Og\u00f3lne warunki ubezpieczenia\u00a0 Szczeg\u00f3\u0142owe warunki &hellip;<\/p>\n<p class=\"read-more\"> <a class=\"\" href=\"https:\/\/www.thm.ostrowiec.pl\/?page_id=4164\"> <span class=\"screen-reader-text\">Ubezpieczenie NNW<\/span> Read More &raquo;<\/a><\/p>\n","protected":false},"author":1,"featured_media":0,"parent":0,"menu_order":2,"comment_status":"closed","ping_status":"closed","template":"elementor_theme","meta":{"ngg_post_thumbnail":0,"footnotes":""},"_links":{"self":[{"href":"https:\/\/www.thm.ostrowiec.pl\/index.php?rest_route=\/wp\/v2\/pages\/4164"}],"collection":[{"href":"https:\/\/www.thm.ostrowiec.pl\/index.php?rest_route=\/wp\/v2\/pages"}],"about":[{"href":"https:\/\/www.thm.ostrowiec.pl\/index.php?rest_route=\/wp\/v2\/types\/page"}],"author":[{"embeddable":true,"href":"https:\/\/www.thm.ostrowiec.pl\/index.php?rest_route=\/wp\/v2\/users\/1"}],"replies":[{"embeddable":true,"href":"https:\/\/www.thm.ostrowiec.pl\/index.php?rest_route=%2Fwp%2Fv2%2Fcomments&post=4164"}],"version-history":[{"count":19,"href":"https:\/\/www.thm.ostrowiec.pl\/index.php?rest_route=\/wp\/v2\/pages\/4164\/revisions"}],"predecessor-version":[{"id":5854,"href":"https:\/\/www.thm.ostrowiec.pl\/index.php?rest_route=\/wp\/v2\/pages\/4164\/revisions\/5854"}],"wp:attachment":[{"href":"https:\/\/www.thm.ostrowiec.pl\/index.php?rest_route=%2Fwp%2Fv2%2Fmedia&parent=4164"}],"curies":[{"name":"wp","href":"https:\/\/api.w.org\/{rel}","templated":true}]}}