{"id":154,"date":"2021-05-18T01:55:11","date_gmt":"2021-05-18T01:55:11","guid":{"rendered":"http:\/\/www.thm.ostrowiec.pl\/?page_id=154"},"modified":"2025-10-26T17:00:38","modified_gmt":"2025-10-26T17:00:38","slug":"zfss","status":"publish","type":"page","link":"https:\/\/www.thm.ostrowiec.pl\/?page_id=154","title":{"rendered":"ZF\u015aS"},"content":{"rendered":"\t\t<div data-elementor-type=\"wp-page\" data-elementor-id=\"154\" class=\"elementor elementor-154\" data-elementor-settings=\"[]\">\n\t\t\t\t\t\t\t<div class=\"elementor-section-wrap\">\n\t\t\t\t\t\t\t<section class=\"elementor-section elementor-top-section elementor-element elementor-element-5e5b8187 elementor-section-height-min-height elementor-section-boxed elementor-section-height-default elementor-section-items-middle\" data-id=\"5e5b8187\" data-element_type=\"section\" data-settings=\"{&quot;background_background&quot;:&quot;classic&quot;}\">\n\t\t\t\t\t\t\t<div class=\"elementor-background-overlay\"><\/div>\n\t\t\t\t\t\t\t<div class=\"elementor-container elementor-column-gap-default\">\n\t\t\t\t\t<div class=\"elementor-column elementor-col-100 elementor-top-column elementor-element elementor-element-6e5408de\" data-id=\"6e5408de\" data-element_type=\"column\">\n\t\t\t<div class=\"elementor-widget-wrap elementor-element-populated\">\n\t\t\t\t\t\t\t\t<div class=\"elementor-element elementor-element-5f59752a elementor-widget elementor-widget-heading\" data-id=\"5f59752a\" data-element_type=\"widget\" data-widget_type=\"heading.default\">\n\t\t\t\t<div class=\"elementor-widget-container\">\n\t\t\t<h2 class=\"elementor-heading-title elementor-size-default\">ZF\u015aS<\/h2>\t\t<\/div>\n\t\t\t\t<\/div>\n\t\t\t\t\t<\/div>\n\t\t<\/div>\n\t\t\t\t\t\t\t<\/div>\n\t\t<\/section>\n\t\t\t\t<section class=\"elementor-section elementor-top-section elementor-element elementor-element-d7a7cdf elementor-section-boxed elementor-section-height-default elementor-section-height-default\" data-id=\"d7a7cdf\" data-element_type=\"section\">\n\t\t\t\t\t\t<div class=\"elementor-container elementor-column-gap-default\">\n\t\t\t\t\t<div class=\"elementor-column elementor-col-100 elementor-top-column elementor-element elementor-element-d3963d1\" data-id=\"d3963d1\" data-element_type=\"column\">\n\t\t\t<div class=\"elementor-widget-wrap elementor-element-populated\">\n\t\t\t\t\t\t\t\t<div class=\"elementor-element elementor-element-e229e56 elementor-widget-divider--view-line elementor-widget elementor-widget-divider\" data-id=\"e229e56\" data-element_type=\"widget\" data-widget_type=\"divider.default\">\n\t\t\t\t<div class=\"elementor-widget-container\">\n\t\t\t\t\t<div class=\"elementor-divider\">\n\t\t\t<span class=\"elementor-divider-separator\">\n\t\t\t\t\t\t<\/span>\n\t\t<\/div>\n\t\t\t\t<\/div>\n\t\t\t\t<\/div>\n\t\t\t\t\t<\/div>\n\t\t<\/div>\n\t\t\t\t\t\t\t<\/div>\n\t\t<\/section>\n\t\t\t\t<section class=\"elementor-section elementor-top-section elementor-element elementor-element-cd3e211 elementor-section-boxed elementor-section-height-default elementor-section-height-default\" data-id=\"cd3e211\" data-element_type=\"section\">\n\t\t\t\t\t\t<div class=\"elementor-container elementor-column-gap-default\">\n\t\t\t\t\t<div class=\"elementor-column elementor-col-100 elementor-top-column elementor-element elementor-element-345c2b4\" data-id=\"345c2b4\" data-element_type=\"column\">\n\t\t\t<div class=\"elementor-widget-wrap elementor-element-populated\">\n\t\t\t\t\t\t\t\t<div class=\"elementor-element elementor-element-e2825f5 elementor-widget elementor-widget-heading\" data-id=\"e2825f5\" data-element_type=\"widget\" data-widget_type=\"heading.default\">\n\t\t\t\t<div class=\"elementor-widget-container\">\n\t\t\t<h3 class=\"elementor-heading-title elementor-size-default\">Dokumenty zwi\u0105zane z Zak\u0142adowym Funduszem \u015awiadcze\u0144 Socjalnych<\/h3>\t\t<\/div>\n\t\t\t\t<\/div>\n\t\t\t\t\t<\/div>\n\t\t<\/div>\n\t\t\t\t\t\t\t<\/div>\n\t\t<\/section>\n\t\t\t\t<section class=\"elementor-section elementor-top-section elementor-element elementor-element-d2af821 elementor-section-boxed elementor-section-height-default elementor-section-height-default\" data-id=\"d2af821\" data-element_type=\"section\">\n\t\t\t\t\t\t<div class=\"elementor-container elementor-column-gap-default\">\n\t\t\t\t\t<div class=\"elementor-column elementor-col-100 elementor-top-column elementor-element elementor-element-20d4c3b\" data-id=\"20d4c3b\" data-element_type=\"column\">\n\t\t\t<div class=\"elementor-widget-wrap elementor-element-populated\">\n\t\t\t\t\t\t\t\t<div class=\"elementor-element elementor-element-3f9547b elementor-widget elementor-widget-text-editor\" data-id=\"3f9547b\" data-element_type=\"widget\" data-widget_type=\"text-editor.default\">\n\t\t\t\t<div class=\"elementor-widget-container\">\n\t\t\t\t\t\t\t<p><a href=\"https:\/\/www.thm.ostrowiec.pl\/wp-content\/uploads\/2024\/02\/Regulamin-ZFSS-w-ZS3-1.pdf\">Regulamin ZF\u015aS obowi\u0105zuj\u0105cy w Zespole Szk\u00f3\u0142 nr 3 w Ostrowcu \u015awi\u0119tokrzyskim<\/a><\/p><p><a href=\"https:\/\/www.thm.ostrowiec.pl\/wp-content\/uploads\/2025\/03\/Aneks-2025.pdf\">Aneks nr 1 do regulaminu z dnia 12.03.2025 r.<\/a> <\/p><p>Za\u0142\u0105czniki do regulaminu:<\/p><p><a href=\"https:\/\/www.thm.ostrowiec.pl\/wp-content\/uploads\/2025\/03\/Zalacznik-nr-1-Oswiadczenie-o-sytuacji-zyciowej-rodzinnej-i-materialnej-2025.docx\">Za\u0142\u0105cznik nr 1: O\u015bwiadczenie o sytuacji \u017cyciowej rodzinnej i materialnej.<\/a><\/p><p><a href=\"https:\/\/www.thm.ostrowiec.pl\/wp-content\/uploads\/2025\/03\/Zalacznik-nr-1a-Oswiadczenie-o-sytuacji-zyciowej-rodzinnej-i-materialnej-emeryta-2025.docx\">Za\u0142\u0105cznik nr 1a: O\u015bwiadczenie o sytuacji \u017cyciowej rodzinnej i materialnej emeryta.<\/a><\/p><p><a href=\"https:\/\/www.thm.ostrowiec.pl\/wp-content\/uploads\/2024\/02\/Zalacznik-nr-2-Oswiadczenie-o-nie-uzyskiwaniu-przez-dziecko-dochodow-w-formie-zarobkowej.docx\">Za\u0142\u0105cznik nr 2: O\u015bwiadczenie o nie uzyskiwaniu przez dziecko dochod\u00f3w w formie zarobkowej.<\/a><\/p><p><a href=\"https:\/\/www.thm.ostrowiec.pl\/wp-content\/uploads\/2024\/02\/Zalacznik-nr-3-Wniosek-o-udzielenie-pozyczki-na-cele-mieszkaniowe.docx\">Za\u0142\u0105cznik nr 3: Wniosek o udzielenie po\u017cyczki na cele mieszkaniowe.<\/a><\/p><p><a href=\"https:\/\/www.thm.ostrowiec.pl\/wp-content\/uploads\/2024\/02\/Zalacznik-nr-3a-Decyzja-w-sprawie-udzielenia-pozyczki-mieszkaniowej.docx\">Za\u0142\u0105cznik nr 3a: Decyzja w sprawie udzielenia po\u017cyczki mieszkaniowej.<\/a><\/p><p><a href=\"https:\/\/www.thm.ostrowiec.pl\/wp-content\/uploads\/2024\/03\/Zalacznik-nr-3b-Wzor-umowy-o-pozyczke-na-cele-mieszkaniowev2.docx\">Za\u0142\u0105cznik nr 3b: Wz\u00f3r umowy o po\u017cyczk\u0119 na cele mieszkaniowe.<\/a><\/p><p><a href=\"https:\/\/www.thm.ostrowiec.pl\/wp-content\/uploads\/2024\/02\/Zalacznik-nr-4-Wniosek-o-przyznanie-dofinansowania-do-wypoczynku-wczasow-pod-grusza.docx\">Za\u0142\u0105cznik nr 4: Wniosek o przyznanie dofinansowania do wypoczynku &#8222;wczasy pod grusz\u0105&#8221;.<\/a><\/p><p><a href=\"https:\/\/www.thm.ostrowiec.pl\/wp-content\/uploads\/2024\/02\/Zalacznik-nr-5-Wniosek-o-przyznanie-dofinansowania-do-wypoczynku-dzieci-i-mlodziezy.docx\">Za\u0142\u0105cznik nr 5: Wniosek o przyznanie dofinansowania do wypoczynku dzieci i m\u0142odzie\u017cy.<\/a><\/p><p><a href=\"https:\/\/www.thm.ostrowiec.pl\/wp-content\/uploads\/2024\/02\/Zalacznik-nr-6-Wniosek-o-przyznanie-dofinansowania-do-zajec-o-charakterze-sportowo-\u2013-rekreacyjnym-lub-kulturalno-\u2013-oswiatowym.docx\">Za\u0142\u0105cznik nr 6: Wniosek o przyznanie dofinansowania do zaj\u0119\u0107 o charakterze sportowo \u2013 rekreacyjnym lub kulturalno \u2013 o\u015bwiatowym.<\/a><\/p><p><a href=\"https:\/\/www.thm.ostrowiec.pl\/wp-content\/uploads\/2024\/02\/Zalacznik-nr-7-Wniosek-o-przyznanie-finansowego-swiadczenia-swiatecznego.docx\">Za\u0142\u0105cznik nr 7: Wniosek o przyznanie finansowego \u015bwiadczenia \u015bwi\u0105tecznego.<\/a><\/p><p><a href=\"https:\/\/www.thm.ostrowiec.pl\/wp-content\/uploads\/2024\/02\/Zalacznik-nr-8-Wniosek-o-przyznanie-zapomogi.docx\">Za\u0142\u0105cznik nr 8: Wniosek o przyznanie zapomogi.<\/a><\/p><p><a href=\"https:\/\/www.thm.ostrowiec.pl\/wp-content\/uploads\/2025\/03\/Katalog_swiadczen_2025.pdf\">Za\u0142\u0105cznik nr 9: Katalog \u015awiadcze\u0144. (obowi\u0105zuj\u0105cy od 12.03.2025 r.)<\/a><\/p>\t\t\t\t\t\t<\/div>\n\t\t\t\t<\/div>\n\t\t\t\t\t<\/div>\n\t\t<\/div>\n\t\t\t\t\t\t\t<\/div>\n\t\t<\/section>\n\t\t\t\t\t\t<\/div>\n\t\t\t\t\t<\/div>\n\t\t","protected":false},"excerpt":{"rendered":"<p>ZF\u015aS Dokumenty zwi\u0105zane z Zak\u0142adowym Funduszem \u015awiadcze\u0144 Socjalnych Regulamin ZF\u015aS obowi\u0105zuj\u0105cy w Zespole Szk\u00f3\u0142 nr 3 w Ostrowcu \u015awi\u0119tokrzyskim Aneks nr 1 do regulaminu z dnia 12.03.2025 r. Za\u0142\u0105czniki do regulaminu: Za\u0142\u0105cznik nr 1: O\u015bwiadczenie o sytuacji \u017cyciowej rodzinnej i materialnej. Za\u0142\u0105cznik nr 1a: O\u015bwiadczenie o sytuacji \u017cyciowej rodzinnej i materialnej emeryta. Za\u0142\u0105cznik nr 2: &hellip;<\/p>\n<p class=\"read-more\"> <a class=\"\" href=\"https:\/\/www.thm.ostrowiec.pl\/?page_id=154\"> <span class=\"screen-reader-text\">ZF\u015aS<\/span> Read More &raquo;<\/a><\/p>\n","protected":false},"author":1,"featured_media":0,"parent":0,"menu_order":2,"comment_status":"closed","ping_status":"closed","template":"","meta":{"ngg_post_thumbnail":0,"footnotes":""},"_links":{"self":[{"href":"https:\/\/www.thm.ostrowiec.pl\/index.php?rest_route=\/wp\/v2\/pages\/154"}],"collection":[{"href":"https:\/\/www.thm.ostrowiec.pl\/index.php?rest_route=\/wp\/v2\/pages"}],"about":[{"href":"https:\/\/www.thm.ostrowiec.pl\/index.php?rest_route=\/wp\/v2\/types\/page"}],"author":[{"embeddable":true,"href":"https:\/\/www.thm.ostrowiec.pl\/index.php?rest_route=\/wp\/v2\/users\/1"}],"replies":[{"embeddable":true,"href":"https:\/\/www.thm.ostrowiec.pl\/index.php?rest_route=%2Fwp%2Fv2%2Fcomments&post=154"}],"version-history":[{"count":76,"href":"https:\/\/www.thm.ostrowiec.pl\/index.php?rest_route=\/wp\/v2\/pages\/154\/revisions"}],"predecessor-version":[{"id":5857,"href":"https:\/\/www.thm.ostrowiec.pl\/index.php?rest_route=\/wp\/v2\/pages\/154\/revisions\/5857"}],"wp:attachment":[{"href":"https:\/\/www.thm.ostrowiec.pl\/index.php?rest_route=%2Fwp%2Fv2%2Fmedia&parent=154"}],"curies":[{"name":"wp","href":"https:\/\/api.w.org\/{rel}","templated":true}]}}